{"id":94,"date":"2022-12-22T12:30:41","date_gmt":"2022-12-22T12:30:41","guid":{"rendered":"https:\/\/jean-christophe-dumenil.students-laplateforme.io\/mycms\/?post_type=product&#038;p=94"},"modified":"2022-12-22T12:30:41","modified_gmt":"2022-12-22T12:30:41","slug":"tecknet-tapis-de-souris-ergonomique-avec-repose-poignet","status":"publish","type":"product","link":"https:\/\/jean-christophe-dumenil.students-laplateforme.io\/mycms\/?product=tecknet-tapis-de-souris-ergonomique-avec-repose-poignet","title":{"rendered":"TECKNET Tapis de Souris Ergonomique avec Repose Poignet"},"content":{"rendered":"<h1 class=\"a-size-base-plus a-text-bold\">\u00c0 propos de cet article<\/h1>\n<ul class=\"a-unordered-list a-vertical a-spacing-mini\">\n<li><span class=\"a-list-item\">\u3010Design ergonomique\u3011Le design unique du tapis de souris ergonomique en gel peut mieux soutenir et prot\u00e9ger votre poignet, m\u00eame vous vous sentirez \u00e0 l&rsquo;aise sous une utilisation prolong\u00e9e, et r\u00e9duire efficacement la fatigue de la main.<\/span><\/li>\n<li><span class=\"a-list-item\">\u3010Surface lisse\u3011Le tissu en soie trait\u00e9 permet aux performances de suivi de votre souris d&rsquo;\u00eatre pr\u00e9cises et d&rsquo;am\u00e9liorer l&rsquo;efficacit\u00e9 du travail.<\/span><\/li>\n<li><span class=\"a-list-item\">\u3010\u00c9tanche&amp;facile \u00e0 nettoyer\u3011La surface du tapis a un rev\u00eatement imperm\u00e9able, m\u00eame s&rsquo;il re\u00e7oit du liquide ou des taches, il peut \u00eatre facilement nettoy\u00e9 sans se soucier de l&rsquo;infiltration d&rsquo;eau dans le tapis souris.<\/span><\/li>\n<li><span class=\"a-list-item\">\u3010Base en caoutchouc\u3011 Le bas est en caoutchouc antid\u00e9rapant, ce qui augmente la stabilit\u00e9 du tapis de souris et \u00e9limine les d\u00e9placements inutiles pendant l&rsquo;utilisation, adapt\u00e9 au bureau et au divertissement.<\/span><\/li>\n<li><span class=\"a-list-item\">\u3010Facile \u00e0 transporter\u3011 Ce tapis de souris est l\u00e9ger et facile \u00e0 transporter, il peut bien se glisser dans des porte-documents, des sacs \u00e0 dos et des sacs d&rsquo;ordinateur, parfait pour la maison, le bureau et les voyages.<\/span><\/li>\n<\/ul>\n","protected":false},"excerpt":{"rendered":"<table class=\"a-normal a-spacing-micro\">\n<tbody>\n<tr class=\"a-spacing-small po-brand\">\n<td class=\"a-span3\"><span class=\"a-size-base a-text-bold\">Marque<\/span><\/td>\n<td class=\"a-span9\"><span class=\"a-size-base\">TECKNET<\/span><\/td>\n<\/tr>\n<tr class=\"a-spacing-small po-color\">\n<td class=\"a-span3\"><span class=\"a-size-base a-text-bold\">Couleur<\/span><\/td>\n<td class=\"a-span9\"><span class=\"a-size-base\">Noir<\/span><\/td>\n<\/tr>\n<tr class=\"a-spacing-small po-special_feature\">\n<td class=\"a-span3\"><span class=\"a-size-base a-text-bold\">Caract\u00e9ristique sp\u00e9ciale<\/span><\/td>\n<td class=\"a-span9\"><span class=\"a-size-base\">Antid\u00e9rapant, Ergonomique<\/span><\/td>\n<\/tr>\n<tr class=\"a-spacing-small po-recommended_uses_for_product\">\n<td class=\"a-span3\"><span class=\"a-size-base a-text-bold\">Usages recommand\u00e9s pour le produit<\/span><\/td>\n<td class=\"a-span9\"><span class=\"a-size-base\">Bureau<\/span><\/td>\n<\/tr>\n<tr class=\"a-spacing-small po-material\">\n<td class=\"a-span3\"><span class=\"a-size-base a-text-bold\">Mat\u00e9riau<\/span><\/td>\n<td class=\"a-span9\"><span class=\"a-size-base\">Caoutchouc, Soie<\/span><\/td>\n<\/tr>\n<tr class=\"a-spacing-small po-item_dimensions\">\n<td class=\"a-span3\"><span class=\"a-size-base a-text-bold\">Dimensions de l&rsquo;article L\u00a0x\u00a0l\u00a0x\u00a0H<\/span><\/td>\n<td class=\"a-span9\"><span class=\"a-size-base\">24 x 2.2 x 21.5 centim\u00e8tres<\/span><\/td>\n<\/tr>\n<tr class=\"a-spacing-small po-item_shape\">\n<td class=\"a-span3\"><span class=\"a-size-base a-text-bold\">Forme<\/span><\/td>\n<td class=\"a-span9\"><span class=\"a-size-base\">irr\u00e9gulier<\/span><\/td>\n<\/tr>\n<tr class=\"a-spacing-small po-size\">\n<td class=\"a-span3\"><span class=\"a-size-base a-text-bold\">Taille<\/span><\/td>\n<td class=\"a-span9\"><span class=\"a-size-base\">S<\/span><\/td>\n<\/tr>\n<tr class=\"a-spacing-small po-item_weight\">\n<td class=\"a-span3\"><span class=\"a-size-base a-text-bold\">Poids de l&rsquo;article<\/span><\/td>\n<td class=\"a-span9\"><span class=\"a-size-base\">180 Grammes<\/span><\/td>\n<\/tr>\n<\/tbody>\n<\/table>\n","protected":false},"featured_media":97,"comment_status":"open","ping_status":"closed","template":"","meta":[],"product_cat":[16,26,25],"product_tag":[],"_links":{"self":[{"href":"https:\/\/jean-christophe-dumenil.students-laplateforme.io\/mycms\/index.php?rest_route=\/wp\/v2\/product\/94"}],"collection":[{"href":"https:\/\/jean-christophe-dumenil.students-laplateforme.io\/mycms\/index.php?rest_route=\/wp\/v2\/product"}],"about":[{"href":"https:\/\/jean-christophe-dumenil.students-laplateforme.io\/mycms\/index.php?rest_route=\/wp\/v2\/types\/product"}],"replies":[{"embeddable":true,"href":"https:\/\/jean-christophe-dumenil.students-laplateforme.io\/mycms\/index.php?rest_route=%2Fwp%2Fv2%2Fcomments&post=94"}],"wp:featuredmedia":[{"embeddable":true,"href":"https:\/\/jean-christophe-dumenil.students-laplateforme.io\/mycms\/index.php?rest_route=\/wp\/v2\/media\/97"}],"wp:attachment":[{"href":"https:\/\/jean-christophe-dumenil.students-laplateforme.io\/mycms\/index.php?rest_route=%2Fwp%2Fv2%2Fmedia&parent=94"}],"wp:term":[{"taxonomy":"product_cat","embeddable":true,"href":"https:\/\/jean-christophe-dumenil.students-laplateforme.io\/mycms\/index.php?rest_route=%2Fwp%2Fv2%2Fproduct_cat&post=94"},{"taxonomy":"product_tag","embeddable":true,"href":"https:\/\/jean-christophe-dumenil.students-laplateforme.io\/mycms\/index.php?rest_route=%2Fwp%2Fv2%2Fproduct_tag&post=94"}],"curies":[{"name":"wp","href":"https:\/\/api.w.org\/{rel}","templated":true}]}}