{"id":89,"date":"2022-12-22T12:29:00","date_gmt":"2022-12-22T12:29:00","guid":{"rendered":"https:\/\/jean-christophe-dumenil.students-laplateforme.io\/mycms\/?post_type=product&#038;p=89"},"modified":"2022-12-22T12:29:00","modified_gmt":"2022-12-22T12:29:00","slug":"senseage-multifonction-tapis-de-souris-3-en-1","status":"publish","type":"product","link":"https:\/\/jean-christophe-dumenil.students-laplateforme.io\/mycms\/?product=senseage-multifonction-tapis-de-souris-3-en-1","title":{"rendered":"SenseAGE Multifonction Tapis de Souris, 3 en 1"},"content":{"rendered":"<h1 class=\"a-size-base-plus a-text-bold\">\u00c0 propos de cet article<\/h1>\n<ul class=\"a-unordered-list a-vertical a-spacing-mini\">\n<li><span class=\"a-list-item\">[Obtenez plus de votre tapis de souris]: Le tapis de souris multifonctionnel vous permet de l&rsquo;utiliser comme tapis de souris, support de t\u00e9l\u00e9phone, porte-stylo et organisateur de cordon, ce qui pourrait simplement \u00eatre votre poste de travail et rendre le bureau plus propre et plus rang\u00e9.<\/span><\/li>\n<li><span class=\"a-list-item\">[Conception pliable]: Pliable, portable, ultra-mince et facile \u00e0 transporter avec seulement 2 mm d&rsquo;\u00e9paisseur pour un gain de place. Excellent mat\u00e9riau en microfibre et taille parfaite pour le travail. La surface lisse permet un mouvement pr\u00e9cis de la souris pendant votre travail ou votre partie.<\/span><\/li>\n<li><span class=\"a-list-item\">[Organiseur de Bureau]: Gardez votre table organis\u00e9e. Le cordon du c\u00e2ble permet de garder les c\u00e2bles du chaos en ordre. Parfait pour le c\u00e2ble de la souris, le c\u00e2ble du chargeur de t\u00e9l\u00e9phone, les cordons d&rsquo;alimentation, etc.<\/span><\/li>\n<li><span class=\"a-list-item\">[Base en Caoutchouc Antid\u00e9rapante]: Un ombrage dense antid\u00e9rapant peut emp\u00eacher efficacement la souris de glisser et de bouger.<\/span><\/li>\n<li><span class=\"a-list-item\">[Compatibilit\u00e9 \u00c9tendue]: Couvrez votre travail quotidien et vos jeux avec une taille de 13,86 \u00d7 7,07 \u00d7 0,08 pouces.<\/span><\/li>\n<\/ul>\n","protected":false},"excerpt":{"rendered":"<table class=\"a-normal a-spacing-micro\">\n<tbody>\n<tr class=\"a-spacing-small po-brand\">\n<td class=\"a-span3\"><span class=\"a-size-base a-text-bold\">Marque<\/span><\/td>\n<td class=\"a-span9\"><span class=\"a-size-base\">SenseAGE<\/span><\/td>\n<\/tr>\n<tr class=\"a-spacing-small po-color\">\n<td class=\"a-span3\"><span class=\"a-size-base a-text-bold\">Couleur<\/span><\/td>\n<td class=\"a-span9\"><span class=\"a-size-base\">Gris Fonc\u00e9<\/span><\/td>\n<\/tr>\n<tr class=\"a-spacing-small po-material\">\n<td class=\"a-span3\"><span class=\"a-size-base a-text-bold\">Mat\u00e9riau<\/span><\/td>\n<td class=\"a-span9\"><span class=\"a-size-base\">Caoutchouc, Microfibre<\/span><\/td>\n<\/tr>\n<tr class=\"a-spacing-small po-item_dimensions\">\n<td class=\"a-span3\"><span class=\"a-size-base a-text-bold\">Dimensions de l&rsquo;article L\u00a0x\u00a0l\u00a0x\u00a0H<\/span><\/td>\n<td class=\"a-span9\"><span class=\"a-size-base\">35.2 x 18 x 0.2 centim\u00e8tres<\/span><\/td>\n<\/tr>\n<tr class=\"a-spacing-small po-item_shape\">\n<td class=\"a-span3\"><span class=\"a-size-base a-text-bold\">Forme<\/span><\/td>\n<td class=\"a-span9\"><span class=\"a-size-base\">Rectangulaire<\/span><\/td>\n<\/tr>\n<tr class=\"a-spacing-small po-size\">\n<td class=\"a-span3\"><span class=\"a-size-base a-text-bold\">Taille<\/span><\/td>\n<td class=\"a-span9\"><span class=\"a-size-base\">Multi-functional Mouse Pad<\/span><\/td>\n<\/tr>\n<tr class=\"a-spacing-small po-item_weight\">\n<td class=\"a-span3\"><span class=\"a-size-base a-text-bold\">Poids du produit<\/span><\/td>\n<td class=\"a-span9\"><span class=\"a-size-base\">0.33 Livres<\/span><\/td>\n<\/tr>\n<\/tbody>\n<\/table>\n","protected":false},"featured_media":93,"comment_status":"open","ping_status":"closed","template":"","meta":[],"product_cat":[16,25],"product_tag":[],"_links":{"self":[{"href":"https:\/\/jean-christophe-dumenil.students-laplateforme.io\/mycms\/index.php?rest_route=\/wp\/v2\/product\/89"}],"collection":[{"href":"https:\/\/jean-christophe-dumenil.students-laplateforme.io\/mycms\/index.php?rest_route=\/wp\/v2\/product"}],"about":[{"href":"https:\/\/jean-christophe-dumenil.students-laplateforme.io\/mycms\/index.php?rest_route=\/wp\/v2\/types\/product"}],"replies":[{"embeddable":true,"href":"https:\/\/jean-christophe-dumenil.students-laplateforme.io\/mycms\/index.php?rest_route=%2Fwp%2Fv2%2Fcomments&post=89"}],"wp:featuredmedia":[{"embeddable":true,"href":"https:\/\/jean-christophe-dumenil.students-laplateforme.io\/mycms\/index.php?rest_route=\/wp\/v2\/media\/93"}],"wp:attachment":[{"href":"https:\/\/jean-christophe-dumenil.students-laplateforme.io\/mycms\/index.php?rest_route=%2Fwp%2Fv2%2Fmedia&parent=89"}],"wp:term":[{"taxonomy":"product_cat","embeddable":true,"href":"https:\/\/jean-christophe-dumenil.students-laplateforme.io\/mycms\/index.php?rest_route=%2Fwp%2Fv2%2Fproduct_cat&post=89"},{"taxonomy":"product_tag","embeddable":true,"href":"https:\/\/jean-christophe-dumenil.students-laplateforme.io\/mycms\/index.php?rest_route=%2Fwp%2Fv2%2Fproduct_tag&post=89"}],"curies":[{"name":"wp","href":"https:\/\/api.w.org\/{rel}","templated":true}]}}