{"id":84,"date":"2022-12-22T12:27:36","date_gmt":"2022-12-22T12:27:36","guid":{"rendered":"https:\/\/jean-christophe-dumenil.students-laplateforme.io\/mycms\/?post_type=product&#038;p=84"},"modified":"2022-12-22T12:27:36","modified_gmt":"2022-12-22T12:27:36","slug":"cimetech-tapis-de-souris","status":"publish","type":"product","link":"https:\/\/jean-christophe-dumenil.students-laplateforme.io\/mycms\/?product=cimetech-tapis-de-souris","title":{"rendered":"Cimetech Tapis de Souris"},"content":{"rendered":"<h1 class=\"a-size-base-plus a-text-bold\">\u00c0 propos de cet article<\/h1>\n<ul class=\"a-unordered-list a-vertical a-spacing-mini\">\n<li><span class=\"a-list-item\">\u3010Dimensions\u3011230 x 180 mm taille normale | Poids : 46g | Mat\u00e9riau : Microfibre,Surface lisse \/ Semelle en caoutchouc (anti-d\u00e9rapant) | Couleur : noir<\/span><\/li>\n<li><span class=\"a-list-item\">\u3010Surface lisse\u3011Microfibre surface de rendre vos performances de suivi exceptionnel Et am\u00e9liore la Vitesse et la pr\u00e9cision.<\/span><\/li>\n<li><span class=\"a-list-item\">\u3010Base en caoutchouc\u3011La stabilit\u00e9 est tr\u00e8s bonne et la base en caoutchouc antid\u00e9rapant qui fournit la poign\u00e9e lourde emp\u00eachant le glissement ou le mouvement du tapis de souris<\/span><\/li>\n<li><span class=\"a-list-item\">\u3010Facile \u00e0 nettoyer \u3011Et les taches liquides peuvent \u00eatre nettoy\u00e9es \u00e0 l&rsquo;eau pour une utilisation continue.il peut \u00e9galement \u00eatre utilis\u00e9 pour effacer l&rsquo;\u00e9cran de l&rsquo;ordinateur<\/span><\/li>\n<li><span class=\"a-list-item\">\u3010Facile \u00e0 transporter\u3011 L\u00e9ger, facile \u00e0 transporter et \u00e0 plier, ce tapis de souris est parfait pour la maison, le bureau et les voyages.<\/span><\/li>\n<\/ul>\n","protected":false},"excerpt":{"rendered":"<table class=\"a-normal a-spacing-micro\">\n<tbody>\n<tr class=\"a-spacing-small po-brand\">\n<td class=\"a-span3\"><span class=\"a-size-base a-text-bold\">Marque<\/span><\/td>\n<td class=\"a-span9\"><span class=\"a-size-base\">cimetech<\/span><\/td>\n<\/tr>\n<tr class=\"a-spacing-small po-color\">\n<td class=\"a-span3\"><span class=\"a-size-base a-text-bold\">Couleur<\/span><\/td>\n<td class=\"a-span9\"><span class=\"a-size-base\">Dark gray<\/span><\/td>\n<\/tr>\n<tr class=\"a-spacing-small po-special_feature\">\n<td class=\"a-span3\"><span class=\"a-size-base a-text-bold\">Caract\u00e9ristique sp\u00e9ciale<\/span><\/td>\n<td class=\"a-span9\"><span class=\"a-size-base\">Antid\u00e9rapant, Lavable<\/span><\/td>\n<\/tr>\n<tr class=\"a-spacing-small po-recommended_uses_for_product\">\n<td class=\"a-span3\"><span class=\"a-size-base a-text-bold\">Usages recommand\u00e9s pour le produit<\/span><\/td>\n<td class=\"a-span9\"><span class=\"a-size-base\">Bureau<\/span><\/td>\n<\/tr>\n<tr class=\"a-spacing-small po-material\">\n<td class=\"a-span3\"><span class=\"a-size-base a-text-bold\">Mat\u00e9riau<\/span><\/td>\n<td class=\"a-span9\"><span class=\"a-size-base\">Caoutchouc<\/span><\/td>\n<\/tr>\n<tr class=\"a-spacing-small po-item_dimensions\">\n<td class=\"a-span3\"><span class=\"a-size-base a-text-bold\">Dimensions de l&rsquo;article L\u00a0x\u00a0l\u00a0x\u00a0H<\/span><\/td>\n<td class=\"a-span9\"><span class=\"a-size-base\">23 x 18 x 0.1 centim\u00e8tres<\/span><\/td>\n<\/tr>\n<tr class=\"a-spacing-small po-item_shape\">\n<td class=\"a-span3\"><span class=\"a-size-base a-text-bold\">Forme<\/span><\/td>\n<td class=\"a-span9\"><span class=\"a-size-base\">Carr\u00e9<\/span><\/td>\n<\/tr>\n<tr class=\"a-spacing-small po-size\">\n<td class=\"a-span3\"><span class=\"a-size-base a-text-bold\">Taille<\/span><\/td>\n<td class=\"a-span9\"><span class=\"a-size-base\">normale<\/span><\/td>\n<\/tr>\n<\/tbody>\n<\/table>\n","protected":false},"featured_media":85,"comment_status":"open","ping_status":"closed","template":"","meta":[],"product_cat":[16,25],"product_tag":[],"_links":{"self":[{"href":"https:\/\/jean-christophe-dumenil.students-laplateforme.io\/mycms\/index.php?rest_route=\/wp\/v2\/product\/84"}],"collection":[{"href":"https:\/\/jean-christophe-dumenil.students-laplateforme.io\/mycms\/index.php?rest_route=\/wp\/v2\/product"}],"about":[{"href":"https:\/\/jean-christophe-dumenil.students-laplateforme.io\/mycms\/index.php?rest_route=\/wp\/v2\/types\/product"}],"replies":[{"embeddable":true,"href":"https:\/\/jean-christophe-dumenil.students-laplateforme.io\/mycms\/index.php?rest_route=%2Fwp%2Fv2%2Fcomments&post=84"}],"wp:featuredmedia":[{"embeddable":true,"href":"https:\/\/jean-christophe-dumenil.students-laplateforme.io\/mycms\/index.php?rest_route=\/wp\/v2\/media\/85"}],"wp:attachment":[{"href":"https:\/\/jean-christophe-dumenil.students-laplateforme.io\/mycms\/index.php?rest_route=%2Fwp%2Fv2%2Fmedia&parent=84"}],"wp:term":[{"taxonomy":"product_cat","embeddable":true,"href":"https:\/\/jean-christophe-dumenil.students-laplateforme.io\/mycms\/index.php?rest_route=%2Fwp%2Fv2%2Fproduct_cat&post=84"},{"taxonomy":"product_tag","embeddable":true,"href":"https:\/\/jean-christophe-dumenil.students-laplateforme.io\/mycms\/index.php?rest_route=%2Fwp%2Fv2%2Fproduct_tag&post=84"}],"curies":[{"name":"wp","href":"https:\/\/api.w.org\/{rel}","templated":true}]}}