{"id":79,"date":"2022-12-22T12:26:00","date_gmt":"2022-12-22T12:26:00","guid":{"rendered":"https:\/\/jean-christophe-dumenil.students-laplateforme.io\/mycms\/?post_type=product&#038;p=79"},"modified":"2022-12-22T12:26:00","modified_gmt":"2022-12-22T12:26:00","slug":"trust-verto-souris-sans-fil-verticale-ergonomique","status":"publish","type":"product","link":"https:\/\/jean-christophe-dumenil.students-laplateforme.io\/mycms\/?product=trust-verto-souris-sans-fil-verticale-ergonomique","title":{"rendered":"Trust Verto Souris sans Fil, Verticale Ergonomique"},"content":{"rendered":"<h1 class=\"a-size-base-plus a-text-bold\">\u00c0 propos de cet article<\/h1>\n<ul class=\"a-unordered-list a-vertical a-spacing-mini\">\n<li><span class=\"a-list-item\">ADIEU LES TENSIONS \u2013 Cette souris ergonomique est la solution verticale aux tensions et douleurs. Son ergonomie place le bras et poignet naturellement \u00e0 60 degr\u00e9s pour un travail sans effort<\/span><\/li>\n<li><span class=\"a-list-item\">VOUS SENTIR MIEUX \u2013 Avec son design l\u00e9ger et adapt\u00e9 \u00e0 toutes tailles de main, cette souris sans fil est un vrai soulagement. Son repose-pouce et rev\u00eatement caoutchouc am\u00e9liorent prise et confort<\/span><\/li>\n<li><span class=\"a-list-item\">LIBERT\u00c9 SANS FIL \u2013 Ne laissez pas les c\u00e2bles limiter votre position de travail. La port\u00e9e sans fil de 10 m de la souris Verto est synonyme de libert\u00e9 et d&rsquo;une meilleure posture<\/span><\/li>\n<li><span class=\"a-list-item\">CONTR\u00d4LE PR\u00c9CIS \u2013 L&rsquo;ergonomie n&rsquo;est pas n\u00e9cessairement ennuyeuse. Cette souris pour PC vous offre un capteur optique 800\/1000\/1600 DPI et deux boutons de pouce pour un contr\u00f4le rapide et pr\u00e9cis<\/span><\/li>\n<li><span class=\"a-list-item\">PLUG AND PLAY \u2013 Branchez le micro-r\u00e9cepteur de la souris verticale Verto sur votre PC ou ordi portable et mettez-vous de sute au travail. Puis rangez le r\u00e9cepteur dans le compartiment sp\u00e9cial<\/span><\/li>\n<li><span class=\"a-list-item\">Remarque : veuillez connecter le dongle USB \u00e0 un autre port USB<\/span><\/li>\n<li><span class=\"a-list-item\">Indicateurs : Batterie vide<\/span><\/li>\n<\/ul>\n","protected":false},"excerpt":{"rendered":"<table class=\"a-normal a-spacing-micro\">\n<tbody>\n<tr class=\"a-spacing-small po-brand\">\n<td class=\"a-span3\"><span class=\"a-size-base a-text-bold\">Marque<\/span><\/td>\n<td class=\"a-span9\"><span class=\"a-size-base\">Trust<\/span><\/td>\n<\/tr>\n<tr class=\"a-spacing-small po-color\">\n<td class=\"a-span3\"><span class=\"a-size-base a-text-bold\">Couleur<\/span><\/td>\n<td class=\"a-span9\"><span class=\"a-size-base\">Black<\/span><\/td>\n<\/tr>\n<tr class=\"a-spacing-small po-connectivity_technology\">\n<td class=\"a-span3\"><span class=\"a-size-base a-text-bold\">Type de connecteur<\/span><\/td>\n<td class=\"a-span9\"><span class=\"a-size-base\">Radio-fr\u00e9quence<\/span><\/td>\n<\/tr>\n<tr class=\"a-spacing-small po-special_feature\">\n<td class=\"a-span3\"><span class=\"a-size-base a-text-bold\">Caract\u00e9ristique sp\u00e9ciale<\/span><\/td>\n<td class=\"a-span9\"><span class=\"a-size-base\">Verticale<\/span><\/td>\n<\/tr>\n<tr class=\"a-spacing-small po-movement_detection_technology\">\n<td class=\"a-span3\"><span class=\"a-size-base a-text-bold\">Technologie de d\u00e9tection des mouvements<\/span><\/td>\n<td class=\"a-span9\"><span class=\"a-size-base\">Optique<\/span><\/td>\n<\/tr>\n<tr class=\"a-spacing-small po-button_quantity\">\n<td class=\"a-span3\"><span class=\"a-size-base a-text-bold\">Nombre de boutons<\/span><\/td>\n<td class=\"a-span9\"><span class=\"a-size-base\">6<\/span><\/td>\n<\/tr>\n<tr class=\"a-spacing-small po-hand_orientation\">\n<td class=\"a-span3\"><span class=\"a-size-base a-text-bold\">Orientation des mains<\/span><\/td>\n<td class=\"a-span9\"><span class=\"a-size-base\">Droite<\/span><\/td>\n<\/tr>\n<tr class=\"a-spacing-small po-model_name\">\n<td class=\"a-span3\"><span class=\"a-size-base a-text-bold\">s\u00e9ries<\/span><\/td>\n<td class=\"a-span9\"><span class=\"a-size-base\">Verto<\/span><\/td>\n<\/tr>\n<tr class=\"a-spacing-small po-recommended_uses_for_product\">\n<td class=\"a-span3\"><span class=\"a-size-base a-text-bold\">Usages recommand\u00e9s pour le produit<\/span><\/td>\n<td class=\"a-span9\"><span class=\"a-size-base\">Bureau<\/span><\/td>\n<\/tr>\n<\/tbody>\n<\/table>\n","protected":false},"featured_media":80,"comment_status":"open","ping_status":"closed","template":"","meta":[],"product_cat":[23,24,22],"product_tag":[],"_links":{"self":[{"href":"https:\/\/jean-christophe-dumenil.students-laplateforme.io\/mycms\/index.php?rest_route=\/wp\/v2\/product\/79"}],"collection":[{"href":"https:\/\/jean-christophe-dumenil.students-laplateforme.io\/mycms\/index.php?rest_route=\/wp\/v2\/product"}],"about":[{"href":"https:\/\/jean-christophe-dumenil.students-laplateforme.io\/mycms\/index.php?rest_route=\/wp\/v2\/types\/product"}],"replies":[{"embeddable":true,"href":"https:\/\/jean-christophe-dumenil.students-laplateforme.io\/mycms\/index.php?rest_route=%2Fwp%2Fv2%2Fcomments&post=79"}],"wp:featuredmedia":[{"embeddable":true,"href":"https:\/\/jean-christophe-dumenil.students-laplateforme.io\/mycms\/index.php?rest_route=\/wp\/v2\/media\/80"}],"wp:attachment":[{"href":"https:\/\/jean-christophe-dumenil.students-laplateforme.io\/mycms\/index.php?rest_route=%2Fwp%2Fv2%2Fmedia&parent=79"}],"wp:term":[{"taxonomy":"product_cat","embeddable":true,"href":"https:\/\/jean-christophe-dumenil.students-laplateforme.io\/mycms\/index.php?rest_route=%2Fwp%2Fv2%2Fproduct_cat&post=79"},{"taxonomy":"product_tag","embeddable":true,"href":"https:\/\/jean-christophe-dumenil.students-laplateforme.io\/mycms\/index.php?rest_route=%2Fwp%2Fv2%2Fproduct_tag&post=79"}],"curies":[{"name":"wp","href":"https:\/\/api.w.org\/{rel}","templated":true}]}}