{"id":74,"date":"2022-12-22T12:24:16","date_gmt":"2022-12-22T12:24:16","guid":{"rendered":"https:\/\/jean-christophe-dumenil.students-laplateforme.io\/mycms\/?post_type=product&#038;p=74"},"modified":"2022-12-22T12:24:16","modified_gmt":"2022-12-22T12:24:16","slug":"logitech-m500s-souris-filaire","status":"publish","type":"product","link":"https:\/\/jean-christophe-dumenil.students-laplateforme.io\/mycms\/?product=logitech-m500s-souris-filaire","title":{"rendered":"Logitech M500s Souris filaire"},"content":{"rendered":"<h1 class=\"a-size-base-plus a-text-bold\">\u00c0 propos de cet article<\/h1>\n<ul class=\"a-unordered-list a-vertical a-spacing-mini\">\n<li><span class=\"a-list-item\">D\u00c9FILEMENT ULTRA-RAPIDE \u2013 Parcourez rapidement les pages Web et les longs documents d&rsquo;un seul coup de roulette, quasiment sans friction. Appuyez sur la roulette et passez au mode par paliers, pour une navigation pr\u00e9cise<\/span><\/li>\n<li><span class=\"a-list-item\">CONFORT EXTR\u00caME &#8211; Cette souris de taille standard est dot\u00e9e d&rsquo;un rev\u00eatement en caoutchouc souple sur les c\u00f4t\u00e9s et d&rsquo;un design sculptural qui offre un meilleur soutien pour votre paume ainsi qu&rsquo;un meilleur contr\u00f4le pour de longues heures productives au bureau ou \u00e0 la maison<\/span><\/li>\n<li><span class=\"a-list-item\">SUIVI DE HAUTE PRECISION &#8211; Le capteur optique avec des niveaux de d\u00e9finition r\u00e9glables de 400 \u00e0 4000 PPP permet un contr\u00f4le du curseur rapide et pr\u00e9cis adapt\u00e9 \u00e0 vos besoins et \u00e0 vos mouvements sur votre ordinateur portable ou votre ordinateur de bureau, le tout sans tapis de souris<\/span><\/li>\n<li><span class=\"a-list-item\">SEPT BOUTONS PERSONNALISABLES \u2013 Utilisez le logiciel Logitech Options et les sept boutons programmables afin de personnaliser des raccourcis efficaces et sp\u00e9cifiques \u00e0 des t\u00e2ches telles que la navigation Pr\u00e9c\u00e9dent-Suivant, les copier-coller, les commandes pour la musique, et bien plus encore<\/span><\/li>\n<li><span class=\"a-list-item\">PR\u00caTE \u00c0 L&rsquo;EMPLOI \u2013 La souris filaire avanc\u00e9e M500s fonctionne directement sans configuration: il suffit de la brancher sur votre port USB et vous pouvez commencer. Vous n&rsquo;avez pas besoin de piles<\/span><\/li>\n<li><span class=\"a-list-item\">CON\u00c7UE PAR LOGITECH &#8211; Tous les produits Logitech sont con\u00e7us avec les normes \u00e9lev\u00e9es de qualit\u00e9, de durabilit\u00e9 et de fiabilit\u00e9 qui ont fait de Logitech le leader mondial pour les souris<\/span><\/li>\n<\/ul>\n","protected":false},"excerpt":{"rendered":"<table class=\"a-normal a-spacing-micro\">\n<tbody>\n<tr class=\"a-spacing-small po-brand\">\n<td class=\"a-span3\"><span class=\"a-size-base a-text-bold\">Marque<\/span><\/td>\n<td class=\"a-span9\"><span class=\"a-size-base\">Logitech<\/span><\/td>\n<\/tr>\n<tr class=\"a-spacing-small po-color\">\n<td class=\"a-span3\"><span class=\"a-size-base a-text-bold\">Couleur<\/span><\/td>\n<td class=\"a-span9\"><span class=\"a-size-base\">Gris<\/span><\/td>\n<\/tr>\n<tr class=\"a-spacing-small po-connectivity_technology\">\n<td class=\"a-span3\"><span class=\"a-size-base a-text-bold\">Type de connecteur<\/span><\/td>\n<td class=\"a-span9\"><span class=\"a-size-base\">USB<\/span><\/td>\n<\/tr>\n<tr class=\"a-spacing-small po-special_feature\">\n<td class=\"a-span3\"><span class=\"a-size-base a-text-bold\">Caract\u00e9ristique sp\u00e9ciale<\/span><\/td>\n<td class=\"a-span9\"><span class=\"a-size-base\">Conception ergonomique, Sans fil<\/span><\/td>\n<\/tr>\n<tr class=\"a-spacing-small po-movement_detection_technology\">\n<td class=\"a-span3\"><span class=\"a-size-base a-text-bold\">Technologie de d\u00e9tection des mouvements<\/span><\/td>\n<td class=\"a-span9\"><span class=\"a-size-base\">Optique<\/span><\/td>\n<\/tr>\n<tr class=\"a-spacing-small po-button_quantity\">\n<td class=\"a-span3\"><span class=\"a-size-base a-text-bold\">Nombre de boutons<\/span><\/td>\n<td class=\"a-span9\"><span class=\"a-size-base\">7<\/span><\/td>\n<\/tr>\n<tr class=\"a-spacing-small po-hand_orientation\">\n<td class=\"a-span3\"><span class=\"a-size-base a-text-bold\">Orientation des mains<\/span><\/td>\n<td class=\"a-span9\"><span class=\"a-size-base\">Gauche<\/span><\/td>\n<\/tr>\n<tr class=\"a-spacing-small po-model_name\">\n<td class=\"a-span3\"><span class=\"a-size-base a-text-bold\">s\u00e9ries<\/span><\/td>\n<td class=\"a-span9\"><span class=\"a-size-base\">M500s<\/span><\/td>\n<\/tr>\n<tr class=\"a-spacing-small po-recommended_uses_for_product\">\n<td class=\"a-span3\"><span class=\"a-size-base a-text-bold\">Usages recommand\u00e9s pour le produit<\/span><\/td>\n<td class=\"a-span9\"><span class=\"a-size-base\">Bureau<\/span><\/td>\n<\/tr>\n<tr class=\"a-spacing-small po-compatible_devices\">\n<td class=\"a-span3\"><span class=\"a-size-base a-text-bold\">Compatibilit\u00e9 du p\u00e9riph\u00e9rique<\/span><\/td>\n<td class=\"a-span9\"><span class=\"a-size-base\">PC, Mac<\/span><\/td>\n<\/tr>\n<\/tbody>\n<\/table>\n","protected":false},"featured_media":75,"comment_status":"open","ping_status":"closed","template":"","meta":[],"product_cat":[16,22],"product_tag":[],"_links":{"self":[{"href":"https:\/\/jean-christophe-dumenil.students-laplateforme.io\/mycms\/index.php?rest_route=\/wp\/v2\/product\/74"}],"collection":[{"href":"https:\/\/jean-christophe-dumenil.students-laplateforme.io\/mycms\/index.php?rest_route=\/wp\/v2\/product"}],"about":[{"href":"https:\/\/jean-christophe-dumenil.students-laplateforme.io\/mycms\/index.php?rest_route=\/wp\/v2\/types\/product"}],"replies":[{"embeddable":true,"href":"https:\/\/jean-christophe-dumenil.students-laplateforme.io\/mycms\/index.php?rest_route=%2Fwp%2Fv2%2Fcomments&post=74"}],"wp:featuredmedia":[{"embeddable":true,"href":"https:\/\/jean-christophe-dumenil.students-laplateforme.io\/mycms\/index.php?rest_route=\/wp\/v2\/media\/75"}],"wp:attachment":[{"href":"https:\/\/jean-christophe-dumenil.students-laplateforme.io\/mycms\/index.php?rest_route=%2Fwp%2Fv2%2Fmedia&parent=74"}],"wp:term":[{"taxonomy":"product_cat","embeddable":true,"href":"https:\/\/jean-christophe-dumenil.students-laplateforme.io\/mycms\/index.php?rest_route=%2Fwp%2Fv2%2Fproduct_cat&post=74"},{"taxonomy":"product_tag","embeddable":true,"href":"https:\/\/jean-christophe-dumenil.students-laplateforme.io\/mycms\/index.php?rest_route=%2Fwp%2Fv2%2Fproduct_tag&post=74"}],"curies":[{"name":"wp","href":"https:\/\/api.w.org\/{rel}","templated":true}]}}