{"id":69,"date":"2022-12-22T12:23:07","date_gmt":"2022-12-22T12:23:07","guid":{"rendered":"https:\/\/jean-christophe-dumenil.students-laplateforme.io\/mycms\/?post_type=product&#038;p=69"},"modified":"2022-12-22T12:23:07","modified_gmt":"2022-12-22T12:23:07","slug":"ecknet-souris-filaire-usb","status":"publish","type":"product","link":"https:\/\/jean-christophe-dumenil.students-laplateforme.io\/mycms\/?product=ecknet-souris-filaire-usb","title":{"rendered":"ECKNET Souris Filaire USB"},"content":{"rendered":"<h1 class=\"a-size-base-plus a-text-bold\">\u00c0 propos de cet article<\/h1>\n<ul class=\"a-unordered-list a-vertical a-spacing-mini\">\n<li><span class=\"a-list-item\">Conception \u00e0 6 Boutons: La souris filaire comprend le bouton gauche, le bouton droit, la molette de d\u00e9filement, le bouton DPI et 2 boutons lat\u00e9raux. Les rouleaux en caoutchouc sont faciles \u00e0 monter et \u00e0 descendre. De plus, les 2 boutons lat\u00e9raux faciliteront grandement l&rsquo;avance et le retour rapides (Les boutons lat\u00e9raux ne sont pas applicables \u00e0 MAC OS)<\/span><\/li>\n<li><span class=\"a-list-item\">3 DPI R\u00e9glables: En utilisant le bouton DPI, vous pouvez facilement changer la vitesse (1200-1800-2400-3600) tr\u00e8s adapt\u00e9 \u00e0 vos besoins quotidiens de bureau<\/span><\/li>\n<li><span class=\"a-list-item\">Conception Parfaite: La surface de la souris est recouverte d&rsquo;un mat\u00e9riau semblable \u00e0 la peau et d&rsquo;une surface en caoutchouc textur\u00e9, ce qui conf\u00e8re \u00e0 la souris filaire des propri\u00e9t\u00e9s anti-transpiration et antid\u00e9rapantes. La conception ergonomique de la souris filaire TECKNET offre un confort maximal pour les doigts<\/span><\/li>\n<li><span class=\"a-list-item\">Fiable &amp; Durable: La dur\u00e9e de vie d&rsquo;une souris filaire d\u00e9passe 5 millions de fois par clic. La souris optique de pr\u00e9cision \u00e0 haute vitesse peut fournir une souris d&rsquo;ordinateur avec une r\u00e9ponse rapide et un fonctionnement fluide, apportant une exp\u00e9rience agr\u00e9able<\/span><\/li>\n<li><span class=\"a-list-item\">Excellente Compatibilit\u00e9: Convient pour Windows 7\/8\/10 \/ XP, Vista, Linux et Mac OS<\/span><\/li>\n<\/ul>\n","protected":false},"excerpt":{"rendered":"<table class=\"a-normal a-spacing-micro\">\n<tbody>\n<tr class=\"a-spacing-small po-brand\">\n<td class=\"a-span3\"><span class=\"a-size-base a-text-bold\">Marque<\/span><\/td>\n<td class=\"a-span9\"><span class=\"a-size-base\">TECKNET<\/span><\/td>\n<\/tr>\n<tr class=\"a-spacing-small po-color\">\n<td class=\"a-span3\"><span class=\"a-size-base a-text-bold\">Couleur<\/span><\/td>\n<td class=\"a-span9\"><span class=\"a-size-base\">Gray<\/span><\/td>\n<\/tr>\n<tr class=\"a-spacing-small po-connectivity_technology\">\n<td class=\"a-span3\"><span class=\"a-size-base a-text-bold\">Type de connecteur<\/span><\/td>\n<td class=\"a-span9\"><span class=\"a-size-base\">USB<\/span><\/td>\n<\/tr>\n<tr class=\"a-spacing-small po-special_feature\">\n<td class=\"a-span3\"><span class=\"a-size-base a-text-bold\">Caract\u00e9ristique sp\u00e9ciale<\/span><\/td>\n<td class=\"a-span9\"><span class=\"a-size-base\">Conception ergonomique<\/span><\/td>\n<\/tr>\n<tr class=\"a-spacing-small po-movement_detection_technology\">\n<td class=\"a-span3\"><span class=\"a-size-base a-text-bold\">Technologie de d\u00e9tection des mouvements<\/span><\/td>\n<td class=\"a-span9\"><span class=\"a-size-base\">Optique<\/span><\/td>\n<\/tr>\n<tr class=\"a-spacing-small po-button_quantity\">\n<td class=\"a-span3\"><span class=\"a-size-base a-text-bold\">Nombre de boutons<\/span><\/td>\n<td class=\"a-span9\"><span class=\"a-size-base\">6<\/span><\/td>\n<\/tr>\n<tr class=\"a-spacing-small po-recommended_uses_for_product\">\n<td class=\"a-span3\"><span class=\"a-size-base a-text-bold\">Usages recommand\u00e9s pour le produit<\/span><\/td>\n<td class=\"a-span9\"><span class=\"a-size-base\">Bureau<\/span><\/td>\n<\/tr>\n<tr class=\"a-spacing-small po-compatible_devices\">\n<td class=\"a-span3\"><span class=\"a-size-base a-text-bold\">Compatibilit\u00e9 du p\u00e9riph\u00e9rique<\/span><\/td>\n<td class=\"a-span9\"><span class=\"a-size-base\">Ordinateur portable<\/span><\/td>\n<\/tr>\n<tr class=\"a-spacing-small po-operating_system\">\n<td class=\"a-span3\"><span class=\"a-size-base a-text-bold\">Syst\u00e8me d&rsquo;exploitation<\/span><\/td>\n<td class=\"a-span9\"><span class=\"a-size-base\">mac os, Linux<\/span><\/td>\n<\/tr>\n<tr class=\"a-spacing-small po-item_dimensions\">\n<td class=\"a-span3\"><span class=\"a-size-base a-text-bold\">Dimensions de l&rsquo;article L\u00a0x\u00a0l\u00a0x\u00a0H<\/span><\/td>\n<td class=\"a-span9\"><span class=\"a-size-base\">10.8 x 6.3 x 3.9 centim\u00e8tres<\/span><\/td>\n<\/tr>\n<\/tbody>\n<\/table>\n","protected":false},"featured_media":70,"comment_status":"open","ping_status":"closed","template":"","meta":[],"product_cat":[16,22],"product_tag":[],"_links":{"self":[{"href":"https:\/\/jean-christophe-dumenil.students-laplateforme.io\/mycms\/index.php?rest_route=\/wp\/v2\/product\/69"}],"collection":[{"href":"https:\/\/jean-christophe-dumenil.students-laplateforme.io\/mycms\/index.php?rest_route=\/wp\/v2\/product"}],"about":[{"href":"https:\/\/jean-christophe-dumenil.students-laplateforme.io\/mycms\/index.php?rest_route=\/wp\/v2\/types\/product"}],"replies":[{"embeddable":true,"href":"https:\/\/jean-christophe-dumenil.students-laplateforme.io\/mycms\/index.php?rest_route=%2Fwp%2Fv2%2Fcomments&post=69"}],"wp:featuredmedia":[{"embeddable":true,"href":"https:\/\/jean-christophe-dumenil.students-laplateforme.io\/mycms\/index.php?rest_route=\/wp\/v2\/media\/70"}],"wp:attachment":[{"href":"https:\/\/jean-christophe-dumenil.students-laplateforme.io\/mycms\/index.php?rest_route=%2Fwp%2Fv2%2Fmedia&parent=69"}],"wp:term":[{"taxonomy":"product_cat","embeddable":true,"href":"https:\/\/jean-christophe-dumenil.students-laplateforme.io\/mycms\/index.php?rest_route=%2Fwp%2Fv2%2Fproduct_cat&post=69"},{"taxonomy":"product_tag","embeddable":true,"href":"https:\/\/jean-christophe-dumenil.students-laplateforme.io\/mycms\/index.php?rest_route=%2Fwp%2Fv2%2Fproduct_tag&post=69"}],"curies":[{"name":"wp","href":"https:\/\/api.w.org\/{rel}","templated":true}]}}