{"id":64,"date":"2022-12-22T12:21:14","date_gmt":"2022-12-22T12:21:14","guid":{"rendered":"https:\/\/jean-christophe-dumenil.students-laplateforme.io\/mycms\/?post_type=product&#038;p=64"},"modified":"2022-12-22T12:21:14","modified_gmt":"2022-12-22T12:21:14","slug":"omoton-clavier-sans-fil","status":"publish","type":"product","link":"https:\/\/jean-christophe-dumenil.students-laplateforme.io\/mycms\/?product=omoton-clavier-sans-fil","title":{"rendered":"OMOTON Clavier sans Fil"},"content":{"rendered":"<h1 class=\"a-size-base-plus a-text-bold\">\u00c0 propos de cet article<\/h1>\n<ul class=\"a-unordered-list a-vertical a-spacing-mini\">\n<li><span class=\"a-list-item\">Large compatibilit\u00e9: Ce clavier sans fil AZERTY compatible avec Windows 10\/8\/7 et Windows XP\/Vista, et la derni\u00e8re version etc<\/span><\/li>\n<li><span class=\"a-list-item\">Play&amp;Plug: Connexion par le r\u00e9cepteur USB, manipulation pratique et simple. La nouvelle version ajoute la fonction de verrouillage FN, pour vous aider \u00e0 utiliser facilement les touches multim\u00e9dias<\/span><\/li>\n<li><span class=\"a-list-item\">Technologie sans fil 2.4G: Le clavier sans fil blanc via le r\u00e9cepteur USB 2.4G peut fournir une transmission de donn\u00e9es stable et fiable avec une distance de transmission allant jusqu&rsquo;\u00e0 10 m\u00e8tres,vous pouvez profitez de la vie sans fil<\/span><\/li>\n<li><span class=\"a-list-item\">Clavier compact et pratique: 20% plus petit que le clavier traditionnel, il peut \u00eatre facilement mis dans votre sac, nous pouvons l&rsquo;utiliser en toute occasion<\/span><\/li>\n<li><span class=\"a-list-item\">Source d&rsquo;alimentation: 2*AAA piles(non incluse), vous n&rsquo;aurez pas la peine de ne pas charger le clavier, Le Mode d&rsquo;\u00e9conomie d&rsquo;\u00e9nergie prolonger l\u2019autonomie de pile<\/span><\/li>\n<\/ul>\n","protected":false},"excerpt":{"rendered":"<table class=\"a-normal a-spacing-micro\">\n<tbody>\n<tr class=\"a-spacing-small po-brand\">\n<td class=\"a-span3\"><span class=\"a-size-base a-text-bold\">Marque<\/span><\/td>\n<td class=\"a-span9\"><span class=\"a-size-base\">OMOTON<\/span><\/td>\n<\/tr>\n<tr class=\"a-spacing-small po-compatible_devices\">\n<td class=\"a-span3\"><span class=\"a-size-base a-text-bold\">Compatibilit\u00e9 du p\u00e9riph\u00e9rique<\/span><\/td>\n<td class=\"a-span9\"><span class=\"a-size-base\">Ordinateur<\/span><\/td>\n<\/tr>\n<tr class=\"a-spacing-small po-connectivity_technology\">\n<td class=\"a-span3\"><span class=\"a-size-base a-text-bold\">Type de connecteur<\/span><\/td>\n<td class=\"a-span9\"><span class=\"a-size-base\">Sans Fil<\/span><\/td>\n<\/tr>\n<tr class=\"a-spacing-small po-keyboard_description\">\n<td class=\"a-span3\"><span class=\"a-size-base a-text-bold\">Description du clavier<\/span><\/td>\n<td class=\"a-span9\"><span class=\"a-size-base\">Sans fil<\/span><\/td>\n<\/tr>\n<tr class=\"a-spacing-small po-recommended_uses_for_product\">\n<td class=\"a-span3\"><span class=\"a-size-base a-text-bold\">Usages recommand\u00e9s pour le produit<\/span><\/td>\n<td class=\"a-span9\"><span class=\"a-size-base\">Bureau<\/span><\/td>\n<\/tr>\n<tr class=\"a-spacing-small po-special_feature\">\n<td class=\"a-span3\"><span class=\"a-size-base a-text-bold\">Caract\u00e9ristique sp\u00e9ciale<\/span><\/td>\n<td class=\"a-span9\"><span class=\"a-size-base\">hotkeys_and_media_keys<\/span><\/td>\n<\/tr>\n<tr class=\"a-spacing-small po-color\">\n<td class=\"a-span3\"><span class=\"a-size-base a-text-bold\">Couleur<\/span><\/td>\n<td class=\"a-span9\"><span class=\"a-size-base\">argent<\/span><\/td>\n<\/tr>\n<tr class=\"a-spacing-small po-operating_system\">\n<td class=\"a-span3\"><span class=\"a-size-base a-text-bold\">Syst\u00e8me d&rsquo;exploitation<\/span><\/td>\n<td class=\"a-span9\"><span class=\"a-size-base\">Windows Vista, Windows XP, Windows 10<\/span><\/td>\n<\/tr>\n<tr class=\"a-spacing-small po-number_of_keys\">\n<td class=\"a-span3\"><span class=\"a-size-base a-text-bold\">Nombre de cl\u00e9s<\/span><\/td>\n<td class=\"a-span9\"><span class=\"a-size-base\">105<\/span><\/td>\n<\/tr>\n<tr class=\"a-spacing-small po-included_components\">\n<td class=\"a-span3\"><span class=\"a-size-base a-text-bold\">Composants inclus<\/span><\/td>\n<td class=\"a-span9\"><span class=\"a-size-base\">R\u00e9cepteur USB<\/span><\/td>\n<\/tr>\n<\/tbody>\n<\/table>\n","protected":false},"featured_media":65,"comment_status":"open","ping_status":"closed","template":"","meta":[],"product_cat":[16,20,21],"product_tag":[],"_links":{"self":[{"href":"https:\/\/jean-christophe-dumenil.students-laplateforme.io\/mycms\/index.php?rest_route=\/wp\/v2\/product\/64"}],"collection":[{"href":"https:\/\/jean-christophe-dumenil.students-laplateforme.io\/mycms\/index.php?rest_route=\/wp\/v2\/product"}],"about":[{"href":"https:\/\/jean-christophe-dumenil.students-laplateforme.io\/mycms\/index.php?rest_route=\/wp\/v2\/types\/product"}],"replies":[{"embeddable":true,"href":"https:\/\/jean-christophe-dumenil.students-laplateforme.io\/mycms\/index.php?rest_route=%2Fwp%2Fv2%2Fcomments&post=64"}],"wp:featuredmedia":[{"embeddable":true,"href":"https:\/\/jean-christophe-dumenil.students-laplateforme.io\/mycms\/index.php?rest_route=\/wp\/v2\/media\/65"}],"wp:attachment":[{"href":"https:\/\/jean-christophe-dumenil.students-laplateforme.io\/mycms\/index.php?rest_route=%2Fwp%2Fv2%2Fmedia&parent=64"}],"wp:term":[{"taxonomy":"product_cat","embeddable":true,"href":"https:\/\/jean-christophe-dumenil.students-laplateforme.io\/mycms\/index.php?rest_route=%2Fwp%2Fv2%2Fproduct_cat&post=64"},{"taxonomy":"product_tag","embeddable":true,"href":"https:\/\/jean-christophe-dumenil.students-laplateforme.io\/mycms\/index.php?rest_route=%2Fwp%2Fv2%2Fproduct_tag&post=64"}],"curies":[{"name":"wp","href":"https:\/\/api.w.org\/{rel}","templated":true}]}}