{"id":59,"date":"2022-12-22T12:19:34","date_gmt":"2022-12-22T12:19:34","guid":{"rendered":"https:\/\/jean-christophe-dumenil.students-laplateforme.io\/mycms\/?post_type=product&#038;p=59"},"modified":"2022-12-22T12:19:34","modified_gmt":"2022-12-22T12:19:34","slug":"mobility-lab","status":"publish","type":"product","link":"https:\/\/jean-christophe-dumenil.students-laplateforme.io\/mycms\/?product=mobility-lab","title":{"rendered":"Mobility Lab"},"content":{"rendered":"<h1 class=\"a-size-base-plus a-text-bold\">\u00c0 propos de cet article<\/h1>\n<ul class=\"a-unordered-list a-vertical a-spacing-mini\">\n<li><span class=\"a-list-item\">Clavier Design Fin \u00e9l\u00e9gant et avec touches sensitives<\/span><\/li>\n<li><span class=\"a-list-item\">Id\u00e9al pour une utilisation bureautique et domestique<\/span><\/li>\n<li><span class=\"a-list-item\">Pav\u00e9 num\u00e9rique et raccourcis<\/span><\/li>\n<li><span class=\"a-list-item\">touches d&rsquo;acc\u00e8s direct calculatrice , volume ..<\/span><\/li>\n<li><span class=\"a-list-item\">Longueur c\u00e2ble : 1,5 m<\/span><\/li>\n<\/ul>\n","protected":false},"excerpt":{"rendered":"<table class=\"a-normal a-spacing-micro\">\n<tbody>\n<tr class=\"a-spacing-small po-brand\">\n<td class=\"a-span3\"><span class=\"a-size-base a-text-bold\">Marque<\/span><\/td>\n<td class=\"a-span9\"><span class=\"a-size-base\">Mobility Lab<\/span><\/td>\n<\/tr>\n<tr class=\"a-spacing-small po-compatible_devices\">\n<td class=\"a-span3\"><span class=\"a-size-base a-text-bold\">Compatibilit\u00e9 du p\u00e9riph\u00e9rique<\/span><\/td>\n<td class=\"a-span9\"><span class=\"a-size-base\">Ordinateur<\/span><\/td>\n<\/tr>\n<tr class=\"a-spacing-small po-connectivity_technology\">\n<td class=\"a-span3\"><span class=\"a-size-base a-text-bold\">Type de connecteur<\/span><\/td>\n<td class=\"a-span9\"><span class=\"a-size-base\">USB<\/span><\/td>\n<\/tr>\n<tr class=\"a-spacing-small po-keyboard_description\">\n<td class=\"a-span3\"><span class=\"a-size-base a-text-bold\">Description du clavier<\/span><\/td>\n<td class=\"a-span9\"><span class=\"a-size-base\">AZERTY<\/span><\/td>\n<\/tr>\n<tr class=\"a-spacing-small po-recommended_uses_for_product\">\n<td class=\"a-span3\"><span class=\"a-size-base a-text-bold\">Usages recommand\u00e9s pour le produit<\/span><\/td>\n<td class=\"a-span9\"><span class=\"a-size-base\">Bureau<\/span><\/td>\n<\/tr>\n<tr class=\"a-spacing-small po-color\">\n<td class=\"a-span3\"><span class=\"a-size-base a-text-bold\">Couleur<\/span><\/td>\n<td class=\"a-span9\"><span class=\"a-size-base\">Clavier filaire gris sid\u00e9ral<\/span><\/td>\n<\/tr>\n<tr class=\"a-spacing-small po-operating_system\">\n<td class=\"a-span3\"><span class=\"a-size-base a-text-bold\">Syst\u00e8me d&rsquo;exploitation<\/span><\/td>\n<td class=\"a-span9\"><span class=\"a-size-base\">Android<\/span><\/td>\n<\/tr>\n<tr class=\"a-spacing-small po-number_of_keys\">\n<td class=\"a-span3\"><span class=\"a-size-base a-text-bold\">Nombre de cl\u00e9s<\/span><\/td>\n<td class=\"a-span9\"><span class=\"a-size-base\">105<\/span><\/td>\n<\/tr>\n<tr class=\"a-spacing-small po-keyboard_backlighting_color_support\">\n<td class=\"a-span3\"><span class=\"a-size-base a-text-bold\">Gestion de la couleur de r\u00e9tro-\u00e9clairage du clavier<\/span><\/td>\n<td class=\"a-span9\"><span class=\"a-size-base\">Couleur unique<\/span><\/td>\n<\/tr>\n<tr class=\"a-spacing-small po-style\">\n<td class=\"a-span3\"><span class=\"a-size-base a-text-bold\">Style<\/span><\/td>\n<td class=\"a-span9\"><span class=\"a-size-base\">Clavier PC filaire gris et noir<\/span><\/td>\n<\/tr>\n<\/tbody>\n<\/table>\n","protected":false},"featured_media":62,"comment_status":"open","ping_status":"closed","template":"","meta":[],"product_cat":[16,20],"product_tag":[],"_links":{"self":[{"href":"https:\/\/jean-christophe-dumenil.students-laplateforme.io\/mycms\/index.php?rest_route=\/wp\/v2\/product\/59"}],"collection":[{"href":"https:\/\/jean-christophe-dumenil.students-laplateforme.io\/mycms\/index.php?rest_route=\/wp\/v2\/product"}],"about":[{"href":"https:\/\/jean-christophe-dumenil.students-laplateforme.io\/mycms\/index.php?rest_route=\/wp\/v2\/types\/product"}],"replies":[{"embeddable":true,"href":"https:\/\/jean-christophe-dumenil.students-laplateforme.io\/mycms\/index.php?rest_route=%2Fwp%2Fv2%2Fcomments&post=59"}],"wp:featuredmedia":[{"embeddable":true,"href":"https:\/\/jean-christophe-dumenil.students-laplateforme.io\/mycms\/index.php?rest_route=\/wp\/v2\/media\/62"}],"wp:attachment":[{"href":"https:\/\/jean-christophe-dumenil.students-laplateforme.io\/mycms\/index.php?rest_route=%2Fwp%2Fv2%2Fmedia&parent=59"}],"wp:term":[{"taxonomy":"product_cat","embeddable":true,"href":"https:\/\/jean-christophe-dumenil.students-laplateforme.io\/mycms\/index.php?rest_route=%2Fwp%2Fv2%2Fproduct_cat&post=59"},{"taxonomy":"product_tag","embeddable":true,"href":"https:\/\/jean-christophe-dumenil.students-laplateforme.io\/mycms\/index.php?rest_route=%2Fwp%2Fv2%2Fproduct_tag&post=59"}],"curies":[{"name":"wp","href":"https:\/\/api.w.org\/{rel}","templated":true}]}}