{"id":54,"date":"2022-12-22T12:16:35","date_gmt":"2022-12-22T12:16:35","guid":{"rendered":"https:\/\/jean-christophe-dumenil.students-laplateforme.io\/mycms\/?post_type=product&#038;p=54"},"modified":"2022-12-22T12:16:35","modified_gmt":"2022-12-22T12:16:35","slug":"trust-taro-clavier-filaire-azerty","status":"publish","type":"product","link":"https:\/\/jean-christophe-dumenil.students-laplateforme.io\/mycms\/?product=trust-taro-clavier-filaire-azerty","title":{"rendered":"Trust Taro Clavier Filaire AZERTY"},"content":{"rendered":"<h1 class=\"a-size-base-plus a-text-bold\">\u00c0 propos de cet article<\/h1>\n<ul class=\"a-unordered-list a-vertical a-spacing-mini\">\n<li><span class=\"a-list-item\">CLAVIER TAILLE STANDARD FRAN\u00c7AIS &#8211; Le clavier Trust Taro dispose d\u2019une disposition standard fran\u00e7aise AZERTY et comporte un pav\u00e9 num\u00e9rique pour une productivit\u00e9 optimale<\/span><\/li>\n<li><span class=\"a-list-item\">R\u00c9SISTANT AUX \u00c9CLABOUSSURES &#8211; Le clavier r\u00e9siste aux \u00e9claboussures et vous permet de continuer \u00e0 travailler si vous renversez votre boisson<\/span><\/li>\n<li><span class=\"a-list-item\">PLUG AND PLAY &#8211; Branchez tout simplement le c\u00e2ble USB de 1,80 m de longueur et le clavier fonctionnera automatiquement avec n\u2019importe quel ordinateur de bureau ou portable Windows, MacOS et ChromeOS<\/span><\/li>\n<li><span class=\"a-list-item\">MOINS DE BRUIT &#8211; Le clavier du Taro a \u00e9t\u00e9 con\u00e7u pour faire jusqu&rsquo;\u00e0 50% moins de bruit pour que vous ne d\u00e9rangiez pas vos coll\u00e8gues<\/span><\/li>\n<\/ul>\n","protected":false},"excerpt":{"rendered":"<table class=\"a-normal a-spacing-micro\">\n<tbody>\n<tr class=\"a-spacing-small po-brand\">\n<td class=\"a-span3\"><span class=\"a-size-base a-text-bold\">Marque<\/span><\/td>\n<td class=\"a-span9\"><span class=\"a-size-base\">Trust<\/span><\/td>\n<\/tr>\n<tr class=\"a-spacing-small po-compatible_devices\">\n<td class=\"a-span3\"><span class=\"a-size-base a-text-bold\">Compatibilit\u00e9 du p\u00e9riph\u00e9rique<\/span><\/td>\n<td class=\"a-span9\"><span class=\"a-size-base\">PC, ordinateur, ordinateur portable, Mac<\/span><\/td>\n<\/tr>\n<tr class=\"a-spacing-small po-connectivity_technology\">\n<td class=\"a-span3\"><span class=\"a-size-base a-text-bold\">Type de connecteur<\/span><\/td>\n<td class=\"a-span9\"><span class=\"a-size-base\">USB<\/span><\/td>\n<\/tr>\n<tr class=\"a-spacing-small po-keyboard_description\">\n<td class=\"a-span3\"><span class=\"a-size-base a-text-bold\">Description du clavier<\/span><\/td>\n<td class=\"a-span9\"><span class=\"a-size-base\">Multi Functional, AZERTY<\/span><\/td>\n<\/tr>\n<tr class=\"a-spacing-small po-recommended_uses_for_product\">\n<td class=\"a-span3\"><span class=\"a-size-base a-text-bold\">Usages recommand\u00e9s pour le produit<\/span><\/td>\n<td class=\"a-span9\"><span class=\"a-size-base\">Bureau<\/span><\/td>\n<\/tr>\n<tr class=\"a-spacing-small po-special_feature\">\n<td class=\"a-span3\"><span class=\"a-size-base a-text-bold\">Caract\u00e9ristique sp\u00e9ciale<\/span><\/td>\n<td class=\"a-span9\"><span class=\"a-size-base\">AZERTY Fran\u00e7ais, Touches silencieuses, R\u00e9sistant aux \u00e9claboussures<\/span><\/td>\n<\/tr>\n<tr class=\"a-spacing-small po-color\">\n<td class=\"a-span3\"><span class=\"a-size-base a-text-bold\">Couleur<\/span><\/td>\n<td class=\"a-span9\"><span class=\"a-size-base\">Noir<\/span><\/td>\n<\/tr>\n<tr class=\"a-spacing-small po-operating_system\">\n<td class=\"a-span3\"><span class=\"a-size-base a-text-bold\">Syst\u00e8me d&rsquo;exploitation<\/span><\/td>\n<td class=\"a-span9\"><span class=\"a-size-base\">Windows, Chrome OS, Mac OS<\/span><\/td>\n<\/tr>\n<tr class=\"a-spacing-small po-number_of_keys\">\n<td class=\"a-span3\"><span class=\"a-size-base a-text-bold\">Nombre de cl\u00e9s<\/span><\/td>\n<td class=\"a-span9\"><span class=\"a-size-base\">104<\/span><\/td>\n<\/tr>\n<tr class=\"a-spacing-small po-style\">\n<td class=\"a-span3\"><span class=\"a-size-base a-text-bold\">Style<\/span><\/td>\n<td class=\"a-span9\"><span class=\"a-size-base\">Clavier filaire Taro<\/span><\/td>\n<\/tr>\n<\/tbody>\n<\/table>\n","protected":false},"featured_media":55,"comment_status":"open","ping_status":"closed","template":"","meta":[],"product_cat":[16,20],"product_tag":[],"_links":{"self":[{"href":"https:\/\/jean-christophe-dumenil.students-laplateforme.io\/mycms\/index.php?rest_route=\/wp\/v2\/product\/54"}],"collection":[{"href":"https:\/\/jean-christophe-dumenil.students-laplateforme.io\/mycms\/index.php?rest_route=\/wp\/v2\/product"}],"about":[{"href":"https:\/\/jean-christophe-dumenil.students-laplateforme.io\/mycms\/index.php?rest_route=\/wp\/v2\/types\/product"}],"replies":[{"embeddable":true,"href":"https:\/\/jean-christophe-dumenil.students-laplateforme.io\/mycms\/index.php?rest_route=%2Fwp%2Fv2%2Fcomments&post=54"}],"wp:featuredmedia":[{"embeddable":true,"href":"https:\/\/jean-christophe-dumenil.students-laplateforme.io\/mycms\/index.php?rest_route=\/wp\/v2\/media\/55"}],"wp:attachment":[{"href":"https:\/\/jean-christophe-dumenil.students-laplateforme.io\/mycms\/index.php?rest_route=%2Fwp%2Fv2%2Fmedia&parent=54"}],"wp:term":[{"taxonomy":"product_cat","embeddable":true,"href":"https:\/\/jean-christophe-dumenil.students-laplateforme.io\/mycms\/index.php?rest_route=%2Fwp%2Fv2%2Fproduct_cat&post=54"},{"taxonomy":"product_tag","embeddable":true,"href":"https:\/\/jean-christophe-dumenil.students-laplateforme.io\/mycms\/index.php?rest_route=%2Fwp%2Fv2%2Fproduct_tag&post=54"}],"curies":[{"name":"wp","href":"https:\/\/api.w.org\/{rel}","templated":true}]}}