{"id":44,"date":"2022-12-22T12:12:56","date_gmt":"2022-12-22T12:12:56","guid":{"rendered":"https:\/\/jean-christophe-dumenil.students-laplateforme.io\/mycms\/?post_type=product&#038;p=44"},"modified":"2022-12-22T12:12:56","modified_gmt":"2022-12-22T12:12:56","slug":"koorui-ecran-dordinateur","status":"publish","type":"product","link":"https:\/\/jean-christophe-dumenil.students-laplateforme.io\/mycms\/?product=koorui-ecran-dordinateur","title":{"rendered":"KOORUI \u00c9cran d&rsquo;ordinateur"},"content":{"rendered":"<h1 class=\"a-size-base-plus a-text-bold\">\u00c0 propos de cet article<\/h1>\n<ul class=\"a-unordered-list a-vertical a-spacing-mini\">\n<li><span class=\"a-list-item\">\u00c9cran IPS Le moniteur 24 pouces utilise une nouvelle g\u00e9n\u00e9ration d&rsquo;\u00e9crans IPS couvrant 99 % de l&rsquo;espace couleur SRGB et des niveaux de gris 8 bits plus de 16,7 millions de num\u00e9ros de couleur. Ainsi, l&rsquo;\u00e9cran professionnel peut restaurer des couleurs 100 % r\u00e9elles et afficher des d\u00e9tails \u00e9clatants. De plus, le grand angle de ualisation de 178 de ce moniteur IPS vous permet de profiter d&rsquo;images nettes, nettes et d\u00e9licates sous n&rsquo;importe quel angle.<\/span><\/li>\n<li><span class=\"a-list-item\">Confort uel extr\u00eame Technologie sans scintillement, filtre \u00e0 lumi\u00e8re bleue, technologie Adaptive Sync calibre automatiquement les fr\u00e9quences d&rsquo;images pour profiter d&rsquo;un gameplay ultra-fluide ou travailler toute la journ\u00e9e sans g\u00eane oaire.<\/span><\/li>\n<li><span class=\"a-list-item\">Design ultra fin Le moniteur KOORUI 24 pouces a un design sans bordures pour rendre l&rsquo;image plus compl\u00e8te lorsque plusieurs moniteurs sont connect\u00e9s. Une large gamme d&rsquo;\u00e9crans professionnels pour votre ordinateur de bureau ou ordinateur portable \u00e0 la maison.<\/span><\/li>\n<li><span class=\"a-list-item\">Plusieurs ports Les moniteurs KOORUI offrent des interfaces vid\u00e9o via des ports HDMI et VGA. Cet \u00e9cran HDMI a une fr\u00e9quence de rafra\u00eechissement de 60 Hz (compatible avec la plupart des cartes graphiques normales) et une r\u00e9solution FHD de 1920 x 1080p. Vous pouvez connecter le moniteur sans bordure \u00e0 Xbox, PC et ordinateurs portables, etc., transf\u00e9rer des images de haute qualit\u00e9 et baser entre le bureau et le divertissement.<\/span><\/li>\n<li><span class=\"a-list-item\">Caract\u00e9ristiques importantes : bords \u00e9troits \u00e0 trois c\u00f4t\u00e9s, aspect mince, filtre \u00e0 lumi\u00e8re bleue, pas de scintillement d&rsquo;\u00e9cran, prot\u00e9gez vos yeux. NTSC 72% de gamme de couleurs, 20 millions de taux de contraste dynamique, 250 cd\/m\u00b2, support mural VESA et fermeture rapide du support de base.<\/span><\/li>\n<\/ul>\n","protected":false},"excerpt":{"rendered":"<table class=\"a-normal a-spacing-micro\">\n<tbody>\n<tr class=\"a-spacing-small po-display.size\">\n<td class=\"a-span3\"><span class=\"a-size-base a-text-bold\">Taille de l&rsquo;\u00e9cran<\/span><\/td>\n<td class=\"a-span9\"><span class=\"a-size-base\">24 Pouces<\/span><\/td>\n<\/tr>\n<tr class=\"a-spacing-small po-display.resolution_maximum\">\n<td class=\"a-span3\"><span class=\"a-size-base a-text-bold\">R\u00e9solution d&rsquo;affichage maximale<\/span><\/td>\n<td class=\"a-span9\"><span class=\"a-size-base\">1920 x 1080 Pixels<\/span><\/td>\n<\/tr>\n<tr class=\"a-spacing-small po-brand\">\n<td class=\"a-span3\"><span class=\"a-size-base a-text-bold\">Marque<\/span><\/td>\n<td class=\"a-span9\"><span class=\"a-size-base\">KOORUI<\/span><\/td>\n<\/tr>\n<tr class=\"a-spacing-small po-special_feature\">\n<td class=\"a-span3\"><span class=\"a-size-base a-text-bold\">Caract\u00e9ristique sp\u00e9ciale<\/span><\/td>\n<td class=\"a-span9\"><span class=\"a-size-base\">Sans cadre<\/span><\/td>\n<\/tr>\n<tr class=\"a-spacing-small po-refresh_rate\">\n<td class=\"a-span3\"><span class=\"a-size-base a-text-bold\">Fr\u00e9quence de rafra\u00eechissement<\/span><\/td>\n<td class=\"a-span9\"><span class=\"a-size-base\">75 Hz<\/span><\/td>\n<\/tr>\n<tr class=\"a-spacing-small po-connectivity_technology\">\n<td class=\"a-span3\"><span class=\"a-size-base a-text-bold\">Type de connecteur<\/span><\/td>\n<td class=\"a-span9\"><span class=\"a-size-base\">VGA, HDMI<\/span><\/td>\n<\/tr>\n<tr class=\"a-spacing-small po-aspect_ratio\">\n<td class=\"a-span3\"><span class=\"a-size-base a-text-bold\">Format d&rsquo;image<\/span><\/td>\n<td class=\"a-span9\"><span class=\"a-size-base\">16:9<\/span><\/td>\n<\/tr>\n<tr class=\"a-spacing-small po-specific_uses_for_product\">\n<td class=\"a-span3\"><span class=\"a-size-base a-text-bold\">Usages sp\u00e9cifiques pour le produit<\/span><\/td>\n<td class=\"a-span9\"><span class=\"a-size-base\">Business<\/span><\/td>\n<\/tr>\n<tr class=\"a-spacing-small po-response_time\">\n<td class=\"a-span3\"><span class=\"a-size-base a-text-bold\">Temps de r\u00e9ponse<\/span><\/td>\n<td class=\"a-span9\"><span class=\"a-size-base\">5 Milliseconds<\/span><\/td>\n<\/tr>\n<tr class=\"a-spacing-small po-color\">\n<td class=\"a-span3\"><span class=\"a-size-base a-text-bold\">Couleur<\/span><\/td>\n<td class=\"a-span9\"><span class=\"a-size-base\">Noir<\/span><\/td>\n<\/tr>\n<\/tbody>\n<\/table>\n","protected":false},"featured_media":45,"comment_status":"open","ping_status":"closed","template":"","meta":[],"product_cat":[16,19],"product_tag":[],"_links":{"self":[{"href":"https:\/\/jean-christophe-dumenil.students-laplateforme.io\/mycms\/index.php?rest_route=\/wp\/v2\/product\/44"}],"collection":[{"href":"https:\/\/jean-christophe-dumenil.students-laplateforme.io\/mycms\/index.php?rest_route=\/wp\/v2\/product"}],"about":[{"href":"https:\/\/jean-christophe-dumenil.students-laplateforme.io\/mycms\/index.php?rest_route=\/wp\/v2\/types\/product"}],"replies":[{"embeddable":true,"href":"https:\/\/jean-christophe-dumenil.students-laplateforme.io\/mycms\/index.php?rest_route=%2Fwp%2Fv2%2Fcomments&post=44"}],"wp:featuredmedia":[{"embeddable":true,"href":"https:\/\/jean-christophe-dumenil.students-laplateforme.io\/mycms\/index.php?rest_route=\/wp\/v2\/media\/45"}],"wp:attachment":[{"href":"https:\/\/jean-christophe-dumenil.students-laplateforme.io\/mycms\/index.php?rest_route=%2Fwp%2Fv2%2Fmedia&parent=44"}],"wp:term":[{"taxonomy":"product_cat","embeddable":true,"href":"https:\/\/jean-christophe-dumenil.students-laplateforme.io\/mycms\/index.php?rest_route=%2Fwp%2Fv2%2Fproduct_cat&post=44"},{"taxonomy":"product_tag","embeddable":true,"href":"https:\/\/jean-christophe-dumenil.students-laplateforme.io\/mycms\/index.php?rest_route=%2Fwp%2Fv2%2Fproduct_tag&post=44"}],"curies":[{"name":"wp","href":"https:\/\/api.w.org\/{rel}","templated":true}]}}