{"id":39,"date":"2022-12-22T12:11:35","date_gmt":"2022-12-22T12:11:35","guid":{"rendered":"https:\/\/jean-christophe-dumenil.students-laplateforme.io\/mycms\/?post_type=product&#038;p=39"},"modified":"2022-12-22T12:11:35","modified_gmt":"2022-12-22T12:11:35","slug":"lenovo-l27i-30","status":"publish","type":"product","link":"https:\/\/jean-christophe-dumenil.students-laplateforme.io\/mycms\/?product=lenovo-l27i-30","title":{"rendered":"Lenovo L27i-30"},"content":{"rendered":"<h1 class=\"a-size-base-plus a-text-bold\">\u00c0 propos de cet article<\/h1>\n<ul class=\"a-unordered-list a-vertical a-spacing-mini\">\n<li><span class=\"a-list-item\">Style minimaliste: Avec son tout nouveau style minimaliste, l\u2019\u00e9cran moderne et ultrafin (7,1 mm) du moniteur Lenovo L27i-30 est aussi \u00e9l\u00e9gant dans n\u2019importe quel int\u00e9rieur que les images qu\u2019il affiche sur sa dalle IPS (In-Plane Switching).<\/span><\/li>\n<li><span class=\"a-list-item\">Socle m\u00e9tallique bicolore inclinable: Son \u00e9cran semble flotter au-dessus de son socle m\u00e9tallique bicolore r\u00e9cemment repens\u00e9, con\u00e7u pour offrir \u00e9l\u00e9gance, stabilit\u00e9 et commodit\u00e9. En effet, ce dernier permet de dissimuler les c\u00e2bles derri\u00e8re son pied \u00e9lanc\u00e9 et int\u00e8gre un support de t\u00e9l\u00e9phone portable pratique.<\/span><\/li>\n<li><span class=\"a-list-item\">Le confort \u00e0 toute \u00e9preuve: La dalle IPS (In-Plane Switching) du L27i-30 offre des images irr\u00e9prochables m\u00eame sous des angles de visualisation extr\u00eames de 178\u00b0. Regarder un film en famille sera donc un r\u00e9el plaisir pour chacun quel que soit son angle de visualisation.<\/span><\/li>\n<li><span class=\"a-list-item\">T\u00dcV Rheinland Eye Comfort: Que vous ayez besoin de travailler \u00e0 la maison, de saisir des donn\u00e9es tard dans la nuit ou que vous ayez envie de vous divertir en encha\u00eenant les \u00e9pisodes de votre s\u00e9rie pr\u00e9f\u00e9r\u00e9e, ce moniteur vous prot\u00e8ge de la fatigue oculaire gr\u00e2ce \u00e0 la technologie certifi\u00e9e T\u00dcV Rheinland Eye Comfort qui filtre les longueurs d\u2019onde bleues nocives.<\/span><\/li>\n<li><span class=\"a-list-item\">Une commodit\u00e9 ininterrompue: Appuyez sur lecture et laissez le film ou les jeux se d\u00e9rouler sans aucune interruption. Le moniteur L24i-30 rafra\u00eechit l\u2019\u00e9cran \u00e0 un taux de 75 Hz et, lorsqu\u2019il est associ\u00e9 \u00e0 la technologie AMD FreeSync int\u00e9gr\u00e9e, il fait mordre la poussi\u00e8re aux probl\u00e8mes de ghosting, de saccades d\u2019image, de ralentissement et de coupures, tandis que les coureurs franchissent la ligne d\u2019arriv\u00e9e.<\/span><\/li>\n<li><span class=\"a-list-item\">Ports et emplacements: 1xHDMI, 1xVGA, 1xSortie audio (3,5 mm). Le cable HDMI est inclus.<\/span><\/li>\n<li><span class=\"a-list-item\">Format de l&rsquo;\u00e9cran: 16:9<\/span><\/li>\n<\/ul>\n","protected":false},"excerpt":{"rendered":"<h1 class=\"a-size-base-plus a-text-bold\">\u00c0 propos de cet article<\/h1>\n<ul class=\"a-unordered-list a-vertical a-spacing-mini\">\n<li><span class=\"a-list-item\">Style minimaliste: Avec son tout nouveau style minimaliste, l\u2019\u00e9cran moderne et ultrafin (7,1 mm) du moniteur Lenovo L27i-30 est aussi \u00e9l\u00e9gant dans n\u2019importe quel int\u00e9rieur que les images qu\u2019il affiche sur sa dalle IPS (In-Plane Switching).<\/span><\/li>\n<li><span class=\"a-list-item\">Socle m\u00e9tallique bicolore inclinable: Son \u00e9cran semble flotter au-dessus de son socle m\u00e9tallique bicolore r\u00e9cemment repens\u00e9, con\u00e7u pour offrir \u00e9l\u00e9gance, stabilit\u00e9 et commodit\u00e9. En effet, ce dernier permet de dissimuler les c\u00e2bles derri\u00e8re son pied \u00e9lanc\u00e9 et int\u00e8gre un support de t\u00e9l\u00e9phone portable pratique.<\/span><\/li>\n<li><span class=\"a-list-item\">Le confort \u00e0 toute \u00e9preuve: La dalle IPS (In-Plane Switching) du L27i-30 offre des images irr\u00e9prochables m\u00eame sous des angles de visualisation extr\u00eames de 178\u00b0. Regarder un film en famille sera donc un r\u00e9el plaisir pour chacun quel que soit son angle de visualisation.<\/span><\/li>\n<li><span class=\"a-list-item\">T\u00dcV Rheinland Eye Comfort: Que vous ayez besoin de travailler \u00e0 la maison, de saisir des donn\u00e9es tard dans la nuit ou que vous ayez envie de vous divertir en encha\u00eenant les \u00e9pisodes de votre s\u00e9rie pr\u00e9f\u00e9r\u00e9e, ce moniteur vous prot\u00e8ge de la fatigue oculaire gr\u00e2ce \u00e0 la technologie certifi\u00e9e T\u00dcV Rheinland Eye Comfort qui filtre les longueurs d\u2019onde bleues nocives.<\/span><\/li>\n<li><span class=\"a-list-item\">Une commodit\u00e9 ininterrompue: Appuyez sur lecture et laissez le film ou les jeux se d\u00e9rouler sans aucune interruption. Le moniteur L24i-30 rafra\u00eechit l\u2019\u00e9cran \u00e0 un taux de 75 Hz et, lorsqu\u2019il est associ\u00e9 \u00e0 la technologie AMD FreeSync int\u00e9gr\u00e9e, il fait mordre la poussi\u00e8re aux probl\u00e8mes de ghosting, de saccades d\u2019image, de ralentissement et de coupures, tandis que les coureurs franchissent la ligne d\u2019arriv\u00e9e.<\/span><\/li>\n<li><span class=\"a-list-item\">Ports et emplacements: 1xHDMI, 1xVGA, 1xSortie audio (3,5 mm). Le cable HDMI est inclus.<\/span><\/li>\n<li><span class=\"a-list-item\">Format de l&rsquo;\u00e9cran: 16:9<\/span><\/li>\n<\/ul>\n","protected":false},"featured_media":40,"comment_status":"open","ping_status":"closed","template":"","meta":[],"product_cat":[16,19],"product_tag":[],"_links":{"self":[{"href":"https:\/\/jean-christophe-dumenil.students-laplateforme.io\/mycms\/index.php?rest_route=\/wp\/v2\/product\/39"}],"collection":[{"href":"https:\/\/jean-christophe-dumenil.students-laplateforme.io\/mycms\/index.php?rest_route=\/wp\/v2\/product"}],"about":[{"href":"https:\/\/jean-christophe-dumenil.students-laplateforme.io\/mycms\/index.php?rest_route=\/wp\/v2\/types\/product"}],"replies":[{"embeddable":true,"href":"https:\/\/jean-christophe-dumenil.students-laplateforme.io\/mycms\/index.php?rest_route=%2Fwp%2Fv2%2Fcomments&post=39"}],"wp:featuredmedia":[{"embeddable":true,"href":"https:\/\/jean-christophe-dumenil.students-laplateforme.io\/mycms\/index.php?rest_route=\/wp\/v2\/media\/40"}],"wp:attachment":[{"href":"https:\/\/jean-christophe-dumenil.students-laplateforme.io\/mycms\/index.php?rest_route=%2Fwp%2Fv2%2Fmedia&parent=39"}],"wp:term":[{"taxonomy":"product_cat","embeddable":true,"href":"https:\/\/jean-christophe-dumenil.students-laplateforme.io\/mycms\/index.php?rest_route=%2Fwp%2Fv2%2Fproduct_cat&post=39"},{"taxonomy":"product_tag","embeddable":true,"href":"https:\/\/jean-christophe-dumenil.students-laplateforme.io\/mycms\/index.php?rest_route=%2Fwp%2Fv2%2Fproduct_tag&post=39"}],"curies":[{"name":"wp","href":"https:\/\/api.w.org\/{rel}","templated":true}]}}