{"id":34,"date":"2022-12-22T12:08:43","date_gmt":"2022-12-22T12:08:43","guid":{"rendered":"https:\/\/jean-christophe-dumenil.students-laplateforme.io\/mycms\/?post_type=product&#038;p=34"},"modified":"2022-12-22T12:08:43","modified_gmt":"2022-12-22T12:08:43","slug":"greed-basic-pc","status":"publish","type":"product","link":"https:\/\/jean-christophe-dumenil.students-laplateforme.io\/mycms\/?product=greed-basic-pc","title":{"rendered":"GREED\u00ae Basic PC"},"content":{"rendered":"<h1 class=\"a-size-base-plus a-text-bold\">\u00c0 propos de cet article<\/h1>\n<ul class=\"a-unordered-list a-vertical a-spacing-mini\">\n<li><span class=\"a-list-item\">Fabriqu\u00e9 en Autriche ! Gr\u00e2ce \u00e0 notre \u00e9quipe d&rsquo;experts en informatique exp\u00e9riment\u00e9s, nous sommes en mesure de vous garantir la meilleure qualit\u00e9 possible. Les composants ont \u00e9t\u00e9 rigoureusement test\u00e9s et sont parfaitement adapt\u00e9s les uns aux autres. Nous sommes tellement convaincus de nos produits que nous pouvons vous offrir une garantie de 3 ans.<\/span><\/li>\n<li><span class=\"a-list-item\">Allumez et d\u00e9marrez imm\u00e9diatement ! Notre \u00e9quipe informatique installe et configure d\u00e9j\u00e0 tous les pilotes, de sorte que m\u00eame les d\u00e9butants en informatique n&rsquo;ont pas besoin de perdre du temps inutilement et peuvent donc d\u00e9marrer imm\u00e9diatement.<\/span><\/li>\n<li><span class=\"a-list-item\">Parfaitement adapt\u00e9 \u00e0 la vie quotidienne ! Notre PC autonome est \u00e9quip\u00e9 du syst\u00e8me d&rsquo;exploitation Windows 11 Pro \/ WIN 11 Professional 64 Bit ainsi que d&rsquo;un pack Office. Avec nos 512GB SSD int\u00e9gr\u00e9s, vous disposez de suffisamment d&rsquo;espace de stockage pour vos photos, vid\u00e9os ou autres donn\u00e9es personnelles !<\/span><\/li>\n<li><span class=\"a-list-item\">Un refroidissement ultra-silencieux ! Gr\u00e2ce au refroidisseur de CPU i5 4-thread (processeur) et au bloc d&rsquo;alimentation silencieux, le travail avec notre ordinateur de bureau est \u00e0 nouveau un plaisir ! Notre mat\u00e9riel informatique polyvalent est \u00e9quip\u00e9 de composants tels que le WLAN et le graveur de DVD et convient donc parfaitement au travail \u00e0 domicile, \u00e0 l&rsquo;\u00e9cole, au bureau \u00e0 domicile, aux affaires ainsi qu&rsquo;aux enfants, aux adolescents et aux \u00e9l\u00e8ves.<\/span><\/li>\n<li><span class=\"a-list-item\">A ne pas confondre avec : laptop, displayport, pack complet, geforce rtx 1050, 1650, 2060, 2080, 3070, 3080, 3060, PC, desktop, set complet, setup int\u00e9gr\u00e9, accessoires, all i one fan, configurateur, m\u00e9moire vive, ventilateur, antivirus.<\/span><\/li>\n<\/ul>\n","protected":false},"excerpt":{"rendered":"<table class=\"a-normal a-spacing-micro\">\n<tbody>\n<tr class=\"a-spacing-small po-specific_uses_for_product\">\n<td class=\"a-span3\"><span class=\"a-size-base a-text-bold\">Usages sp\u00e9cifiques pour le produit<\/span><\/td>\n<td class=\"a-span9\"><span class=\"a-size-base\">Multim\u00e9dia, \u00c9ducation<\/span><\/td>\n<\/tr>\n<tr class=\"a-spacing-small po-brand\">\n<td class=\"a-span3\"><span class=\"a-size-base a-text-bold\">Marque<\/span><\/td>\n<td class=\"a-span9\"><span class=\"a-size-base\">Greed<\/span><\/td>\n<\/tr>\n<tr class=\"a-spacing-small po-operating_system\">\n<td class=\"a-span3\"><span class=\"a-size-base a-text-bold\">Syst\u00e8me d&rsquo;exploitation<\/span><\/td>\n<td class=\"a-span9\"><span class=\"a-size-base\">Windows 11 Pro<\/span><\/td>\n<\/tr>\n<tr class=\"a-spacing-small po-memory_storage_capacity\">\n<td class=\"a-span3\"><span class=\"a-size-base a-text-bold\">Capacit\u00e9 de stockage de la m\u00e9moire<\/span><\/td>\n<td class=\"a-span9\"><span class=\"a-size-base\">512 Go<\/span><\/td>\n<\/tr>\n<tr class=\"a-spacing-small po-display.size\">\n<td class=\"a-span3\"><span class=\"a-size-base a-text-bold\">Taille de l&rsquo;\u00e9cran<\/span><\/td>\n<td class=\"a-span9\"><span class=\"a-size-base\">1<\/span><\/td>\n<\/tr>\n<tr class=\"a-spacing-small po-ram_memory.installed_size\">\n<td class=\"a-span3\"><span class=\"a-size-base a-text-bold\">Taille de la m\u00e9moire RAM install\u00e9e<\/span><\/td>\n<td class=\"a-span9\"><span class=\"a-size-base\">8 Go<\/span><\/td>\n<\/tr>\n<tr class=\"a-spacing-small po-model_name\">\n<td class=\"a-span3\"><span class=\"a-size-base a-text-bold\">s\u00e9ries<\/span><\/td>\n<td class=\"a-span9\"><span class=\"a-size-base\">Greed Basic<\/span><\/td>\n<\/tr>\n<tr class=\"a-spacing-small po-included_components\">\n<td class=\"a-span3\"><span class=\"a-size-base a-text-bold\">Composants inclus<\/span><\/td>\n<td class=\"a-span9\"><span class=\"a-size-base\">Aucun composant<\/span><\/td>\n<\/tr>\n<tr class=\"a-spacing-small po-cpu_model.family\">\n<td class=\"a-span3\"><span class=\"a-size-base a-text-bold\">Mod\u00e8le du\u00a0CPU<\/span><\/td>\n<td class=\"a-span9\"><span class=\"a-size-base\">Intel Core i5<\/span><\/td>\n<\/tr>\n<tr class=\"a-spacing-small po-optical_storage.device_description\">\n<td class=\"a-span3\"><span class=\"a-size-base a-text-bold\">Appareil de stockage optique<\/span><\/td>\n<td class=\"a-span9\"><span class=\"a-size-base\">DVD+RW<\/span><\/td>\n<\/tr>\n<\/tbody>\n<\/table>\n","protected":false},"featured_media":35,"comment_status":"open","ping_status":"closed","template":"","meta":[],"product_cat":[16,17],"product_tag":[],"_links":{"self":[{"href":"https:\/\/jean-christophe-dumenil.students-laplateforme.io\/mycms\/index.php?rest_route=\/wp\/v2\/product\/34"}],"collection":[{"href":"https:\/\/jean-christophe-dumenil.students-laplateforme.io\/mycms\/index.php?rest_route=\/wp\/v2\/product"}],"about":[{"href":"https:\/\/jean-christophe-dumenil.students-laplateforme.io\/mycms\/index.php?rest_route=\/wp\/v2\/types\/product"}],"replies":[{"embeddable":true,"href":"https:\/\/jean-christophe-dumenil.students-laplateforme.io\/mycms\/index.php?rest_route=%2Fwp%2Fv2%2Fcomments&post=34"}],"wp:featuredmedia":[{"embeddable":true,"href":"https:\/\/jean-christophe-dumenil.students-laplateforme.io\/mycms\/index.php?rest_route=\/wp\/v2\/media\/35"}],"wp:attachment":[{"href":"https:\/\/jean-christophe-dumenil.students-laplateforme.io\/mycms\/index.php?rest_route=%2Fwp%2Fv2%2Fmedia&parent=34"}],"wp:term":[{"taxonomy":"product_cat","embeddable":true,"href":"https:\/\/jean-christophe-dumenil.students-laplateforme.io\/mycms\/index.php?rest_route=%2Fwp%2Fv2%2Fproduct_cat&post=34"},{"taxonomy":"product_tag","embeddable":true,"href":"https:\/\/jean-christophe-dumenil.students-laplateforme.io\/mycms\/index.php?rest_route=%2Fwp%2Fv2%2Fproduct_tag&post=34"}],"curies":[{"name":"wp","href":"https:\/\/api.w.org\/{rel}","templated":true}]}}