{"id":29,"date":"2022-12-22T12:07:20","date_gmt":"2022-12-22T12:07:20","guid":{"rendered":"https:\/\/jean-christophe-dumenil.students-laplateforme.io\/mycms\/?post_type=product&#038;p=29"},"modified":"2022-12-22T12:07:20","modified_gmt":"2022-12-22T12:07:20","slug":"ordinateur-de-bureau-extremebit","status":"publish","type":"product","link":"https:\/\/jean-christophe-dumenil.students-laplateforme.io\/mycms\/?product=ordinateur-de-bureau-extremebit","title":{"rendered":"Ordinateur de bureau eXtremeBit"},"content":{"rendered":"<h1 class=\"a-size-base-plus a-text-bold\">\u00c0 propos de cet article<\/h1>\n<ul class=\"a-unordered-list a-vertical a-spacing-mini\">\n<li><span class=\"a-list-item\">Windows 10 Professional 64 Bit install\u00e9 avec \u00e9tiquette Licence Coa + paquet Apache Open Office<\/span><\/li>\n<li><span class=\"a-list-item\">Processeur Intel Core i7-3770 \u2013 M\u00e9moire RAM 16 Go DDR3 \u2013 SSD 240 Go 2,5&Prime; SATA \u2013 Disque dur 1 To 3,5&Prime; SATA \u2013 Graveur DVD<\/span><\/li>\n<li><span class=\"a-list-item\">Garantie 2 ans &#8211; Courrier express &#8211; Facturable<\/span><\/li>\n<li><span class=\"a-list-item\">Ordinateur id\u00e9al pour une utilisation au bureau, \u00e0 Internet, \u00e0 la maison, au travail, dans les entreprises, dans la gestion et \u00e0 l&rsquo;\u00e9cole<\/span><\/li>\n<li><span class=\"a-list-item\">Attention : le bo\u00eetier peut \u00eatre diff\u00e9rent de la photo, l&rsquo;image est \u00e0 titre indicatif uniquement. La bo\u00eete du PC \u00e9tant ouverte car l&rsquo;installation du syst\u00e8me d&rsquo;exploitation et sa configuration est effectu\u00e9e dans nos ateliers<\/span><\/li>\n<\/ul>\n","protected":false},"excerpt":{"rendered":"<table class=\"a-normal a-spacing-micro\">\n<tbody>\n<tr class=\"a-spacing-small po-specific_uses_for_product\">\n<td class=\"a-span3\"><span class=\"a-size-base a-text-bold\">Usages sp\u00e9cifiques pour le produit<\/span><\/td>\n<td class=\"a-span9\"><span class=\"a-size-base\">business<\/span><\/td>\n<\/tr>\n<tr class=\"a-spacing-small po-brand\">\n<td class=\"a-span3\"><span class=\"a-size-base a-text-bold\">Marque<\/span><\/td>\n<td class=\"a-span9\"><span class=\"a-size-base\">eXtremeBit<\/span><\/td>\n<\/tr>\n<tr class=\"a-spacing-small po-operating_system\">\n<td class=\"a-span3\"><span class=\"a-size-base a-text-bold\">Syst\u00e8me d&rsquo;exploitation<\/span><\/td>\n<td class=\"a-span9\"><span class=\"a-size-base\">Windows 10 Pro<\/span><\/td>\n<\/tr>\n<tr class=\"a-spacing-small po-memory_storage_capacity\">\n<td class=\"a-span3\"><span class=\"a-size-base a-text-bold\">Capacit\u00e9 de stockage de la m\u00e9moire<\/span><\/td>\n<td class=\"a-span9\"><span class=\"a-size-base\">240 Go<\/span><\/td>\n<\/tr>\n<tr class=\"a-spacing-small po-ram_memory.installed_size\">\n<td class=\"a-span3\"><span class=\"a-size-base a-text-bold\">Taille de la m\u00e9moire RAM install\u00e9e<\/span><\/td>\n<td class=\"a-span9\"><span class=\"a-size-base\">16 Go<\/span><\/td>\n<\/tr>\n<tr class=\"a-spacing-small po-cpu_model.manufacturer\">\n<td class=\"a-span3\"><span class=\"a-size-base a-text-bold\">Fabricant de CPU<\/span><\/td>\n<td class=\"a-span9\"><span class=\"a-size-base\">Intel<\/span><\/td>\n<\/tr>\n<tr class=\"a-spacing-small po-total_usb_ports\">\n<td class=\"a-span3\"><span class=\"a-size-base a-text-bold\">Nombre total de ports USB<\/span><\/td>\n<td class=\"a-span9\"><span class=\"a-size-base\">6<\/span><\/td>\n<\/tr>\n<tr class=\"a-spacing-small po-human_interface_input\">\n<td class=\"a-span3\"><span class=\"a-size-base a-text-bold\">Entr\u00e9e de l&rsquo;interface humaine<\/span><\/td>\n<td class=\"a-span9\"><span class=\"a-size-base\">Clavier, Boutons, Souris<\/span><\/td>\n<\/tr>\n<\/tbody>\n<\/table>\n","protected":false},"featured_media":30,"comment_status":"open","ping_status":"closed","template":"","meta":[],"product_cat":[16,17],"product_tag":[],"_links":{"self":[{"href":"https:\/\/jean-christophe-dumenil.students-laplateforme.io\/mycms\/index.php?rest_route=\/wp\/v2\/product\/29"}],"collection":[{"href":"https:\/\/jean-christophe-dumenil.students-laplateforme.io\/mycms\/index.php?rest_route=\/wp\/v2\/product"}],"about":[{"href":"https:\/\/jean-christophe-dumenil.students-laplateforme.io\/mycms\/index.php?rest_route=\/wp\/v2\/types\/product"}],"replies":[{"embeddable":true,"href":"https:\/\/jean-christophe-dumenil.students-laplateforme.io\/mycms\/index.php?rest_route=%2Fwp%2Fv2%2Fcomments&post=29"}],"wp:featuredmedia":[{"embeddable":true,"href":"https:\/\/jean-christophe-dumenil.students-laplateforme.io\/mycms\/index.php?rest_route=\/wp\/v2\/media\/30"}],"wp:attachment":[{"href":"https:\/\/jean-christophe-dumenil.students-laplateforme.io\/mycms\/index.php?rest_route=%2Fwp%2Fv2%2Fmedia&parent=29"}],"wp:term":[{"taxonomy":"product_cat","embeddable":true,"href":"https:\/\/jean-christophe-dumenil.students-laplateforme.io\/mycms\/index.php?rest_route=%2Fwp%2Fv2%2Fproduct_cat&post=29"},{"taxonomy":"product_tag","embeddable":true,"href":"https:\/\/jean-christophe-dumenil.students-laplateforme.io\/mycms\/index.php?rest_route=%2Fwp%2Fv2%2Fproduct_tag&post=29"}],"curies":[{"name":"wp","href":"https:\/\/api.w.org\/{rel}","templated":true}]}}