{"id":155,"date":"2022-12-22T12:58:51","date_gmt":"2022-12-22T12:58:51","guid":{"rendered":"https:\/\/jean-christophe-dumenil.students-laplateforme.io\/mycms\/?post_type=product&#038;p=155"},"modified":"2022-12-22T12:58:51","modified_gmt":"2022-12-22T12:58:51","slug":"nitropc-pc-gamer-plus","status":"publish","type":"product","link":"https:\/\/jean-christophe-dumenil.students-laplateforme.io\/mycms\/?product=nitropc-pc-gamer-plus","title":{"rendered":"NitroPC &#8211; PC Gamer Plus"},"content":{"rendered":"<h1 class=\"a-size-base-plus a-text-bold\">\u00c0 propos de cet article<\/h1>\n<ul class=\"a-unordered-list a-vertical a-spacing-mini\">\n<li><span class=\"a-list-item\">CPU: AMD Ryzen 5 5600G (6 c\u0153urs, jusqu&rsquo;\u00e0 4,40GHz) | Carte m\u00e8re: chip A520<\/span><\/li>\n<li><span class=\"a-list-item\">GRAPHIQUE: AMD Radeon RX Vega 7 (graphique int\u00e9gr\u00e9)<\/span><\/li>\n<li><span class=\"a-list-item\">RAM: 16Go (8Go x2) DDR4 3200MHz | STOCKAGE: SSD 480Go + HDD 1To SATA<\/span><\/li>\n<li><span class=\"a-list-item\">SYST\u00c8ME: Windows 11 Home activ\u00e9 | 100% test\u00e9 | 3 ans de garantie Premium gratuite<\/span><\/li>\n<li><span class=\"a-list-item\">Comprend un c\u00e2ble d&rsquo;alimentation et adaptateur WiFi USB (jusqu&rsquo;\u00e0 300Mbps)<\/span><\/li>\n<\/ul>\n","protected":false},"excerpt":{"rendered":"<table class=\"a-normal a-spacing-micro\">\n<tbody>\n<tr class=\"a-spacing-small po-specific_uses_for_product\">\n<td class=\"a-span3\"><span class=\"a-size-base a-text-bold\">Usages sp\u00e9cifiques pour le produit<\/span><\/td>\n<td class=\"a-span9\"><span class=\"a-size-base\">multimedia, gaming, business<\/span><\/td>\n<\/tr>\n<tr class=\"a-spacing-small po-brand\">\n<td class=\"a-span3\"><span class=\"a-size-base a-text-bold\">Marque<\/span><\/td>\n<td class=\"a-span9\"><span class=\"a-size-base\">NitroPC<\/span><\/td>\n<\/tr>\n<tr class=\"a-spacing-small po-operating_system\">\n<td class=\"a-span3\"><span class=\"a-size-base a-text-bold\">Syst\u00e8me d&rsquo;exploitation<\/span><\/td>\n<td class=\"a-span9\"><span class=\"a-size-base\">Windows 11 Home<\/span><\/td>\n<\/tr>\n<tr class=\"a-spacing-small po-memory_storage_capacity\">\n<td class=\"a-span3\"><span class=\"a-size-base a-text-bold\">Capacit\u00e9 de stockage de la m\u00e9moire<\/span><\/td>\n<td class=\"a-span9\"><span class=\"a-size-base\">480 Go<\/span><\/td>\n<\/tr>\n<tr class=\"a-spacing-small po-ram_memory.installed_size\">\n<td class=\"a-span3\"><span class=\"a-size-base a-text-bold\">Taille de la m\u00e9moire RAM install\u00e9e<\/span><\/td>\n<td class=\"a-span9\"><span class=\"a-size-base\">16 Go<\/span><\/td>\n<\/tr>\n<tr class=\"a-spacing-small po-model_name\">\n<td class=\"a-span3\"><span class=\"a-size-base a-text-bold\">s\u00e9ries<\/span><\/td>\n<td class=\"a-span9\"><span class=\"a-size-base\">Gamer Plus AMZ<\/span><\/td>\n<\/tr>\n<tr class=\"a-spacing-small po-included_components\">\n<td class=\"a-span3\"><span class=\"a-size-base a-text-bold\">Composants inclus<\/span><\/td>\n<td class=\"a-span9\"><span class=\"a-size-base\"><span class=\"a-truncate\" data-a-word-break=\"normal\" data-a-max-rows=\"3\" data-a-overflow-marker=\"&amp;hellip;\" data-a-recalculate=\"false\" data-a-updated=\"true\"><span class=\"a-truncate-full a-offscreen\">Bo\u00eete de documentation avec c\u00e2ble d&rsquo;alimentation, Adaptateur WiFi USB (jusqu&rsquo;\u00e0 300Mbps), Ordinateur gamer Gamer Plus AMZ<\/span><span class=\"a-truncate-cut\" aria-hidden=\"true\">Bo\u00eete de documentation avec c\u00e2ble d&rsquo;alimentation, Adaptateur WiFi USB (jusqu&rsquo;\u00e0 300Mbps), Ordinateur gamer Gamer Plus AMZ<\/span><\/span><\/span>\u00a0<span class=\"a-declarative\" data-action=\"a-modal\" data-csa-c-type=\"widget\" data-csa-c-func-deps=\"aui-da-a-modal\" data-a-modal=\"{&quot;max-height&quot;:&quot;400&quot;,&quot;width&quot;:&quot;800&quot;,&quot;header&quot;:&quot;Composants inclus&quot;,&quot;inlineContent&quot;:&quot;Bo\u00eete de documentation avec c\u00e2ble d'alimentation, Adaptateur WiFi USB (jusqu'\u00e0 300Mbps), Ordinateur gamer Gamer Plus AMZ&quot;}\" data-csa-c-id=\"davzpz-o1rfim-bhyh7k-rl32ux\"><a class=\"a-popover-trigger a-declarative\" role=\"button\">Voir plus<i class=\"a-icon a-icon-popover\"><\/i><\/a><\/span><\/td>\n<\/tr>\n<tr class=\"a-spacing-small po-cpu_model.family\">\n<td class=\"a-span3\"><span class=\"a-size-base a-text-bold\">Mod\u00e8le du\u00a0CPU<\/span><\/td>\n<td class=\"a-span9\"><span class=\"a-size-base\">Ryzen 5<\/span><\/td>\n<\/tr>\n<tr class=\"a-spacing-small po-special_feature\">\n<td class=\"a-span3\"><span class=\"a-size-base a-text-bold\">Caract\u00e9ristique sp\u00e9ciale<\/span><\/td>\n<td class=\"a-span9\"><span class=\"a-size-base\">4 x USB 2.0 + 5 x USB 3.0<\/span><\/td>\n<\/tr>\n<tr class=\"a-spacing-small po-optical_storage.device_description\">\n<td class=\"a-span3\"><span class=\"a-size-base a-text-bold\">Appareil de stockage optique<\/span><\/td>\n<td class=\"a-span9\"><span class=\"a-size-base\">Aucune suspension<\/span><\/td>\n<\/tr>\n<\/tbody>\n<\/table>\n","protected":false},"featured_media":156,"comment_status":"open","ping_status":"closed","template":"","meta":[],"product_cat":[27,33],"product_tag":[],"_links":{"self":[{"href":"https:\/\/jean-christophe-dumenil.students-laplateforme.io\/mycms\/index.php?rest_route=\/wp\/v2\/product\/155"}],"collection":[{"href":"https:\/\/jean-christophe-dumenil.students-laplateforme.io\/mycms\/index.php?rest_route=\/wp\/v2\/product"}],"about":[{"href":"https:\/\/jean-christophe-dumenil.students-laplateforme.io\/mycms\/index.php?rest_route=\/wp\/v2\/types\/product"}],"replies":[{"embeddable":true,"href":"https:\/\/jean-christophe-dumenil.students-laplateforme.io\/mycms\/index.php?rest_route=%2Fwp%2Fv2%2Fcomments&post=155"}],"wp:featuredmedia":[{"embeddable":true,"href":"https:\/\/jean-christophe-dumenil.students-laplateforme.io\/mycms\/index.php?rest_route=\/wp\/v2\/media\/156"}],"wp:attachment":[{"href":"https:\/\/jean-christophe-dumenil.students-laplateforme.io\/mycms\/index.php?rest_route=%2Fwp%2Fv2%2Fmedia&parent=155"}],"wp:term":[{"taxonomy":"product_cat","embeddable":true,"href":"https:\/\/jean-christophe-dumenil.students-laplateforme.io\/mycms\/index.php?rest_route=%2Fwp%2Fv2%2Fproduct_cat&post=155"},{"taxonomy":"product_tag","embeddable":true,"href":"https:\/\/jean-christophe-dumenil.students-laplateforme.io\/mycms\/index.php?rest_route=%2Fwp%2Fv2%2Fproduct_tag&post=155"}],"curies":[{"name":"wp","href":"https:\/\/api.w.org\/{rel}","templated":true}]}}