{"id":145,"date":"2022-12-22T12:56:12","date_gmt":"2022-12-22T12:56:12","guid":{"rendered":"https:\/\/jean-christophe-dumenil.students-laplateforme.io\/mycms\/?post_type=product&#038;p=145"},"modified":"2022-12-22T12:56:12","modified_gmt":"2022-12-22T12:56:12","slug":"invision-support-ecran-pc-moniteur","status":"publish","type":"product","link":"https:\/\/jean-christophe-dumenil.students-laplateforme.io\/mycms\/?product=invision-support-ecran-pc-moniteur","title":{"rendered":"Invision Support \u00c9cran PC Moniteur"},"content":{"rendered":"<h1 class=\"a-size-base-plus a-text-bold\">\u00c0 propos de cet article<\/h1>\n<ul class=\"a-unordered-list a-vertical a-spacing-mini\">\n<li><span class=\"a-list-item\">FAVORISE LA PRODUCTIVIT\u00c9 &amp; LA SANT\u00c9 \u2013 Position ergonomique optimale de votre ordinateur afin de r\u00e9duire les probl\u00e8mes de sant\u00e9 li\u00e9s \u00e0 une mauvaise posture en \u00e9tant assis longtemps \u00e0 votre bureau. L\u2019Invision MX150 est la solution parfaite, il offre un ajustement \u00e0 hauteur compl\u00e8te et plusieurs angles de vue en fonction de vos besoins. Optimiser votre station de travail et positionner correctement votre \u00e9cran peut avoir un impact important sur votre productivit\u00e9, votre sant\u00e9 et votre bien \u00eatre<\/span><\/li>\n<li><span class=\"a-list-item\">FLEXIBILIT\u00c9 ET ANGLES DE VUE OPTIMAUX \u2013 Nos bras pour \u00e9cran au gaz avec \u00e9l\u00e9vation assist\u00e9e sont \u00e9quip\u00e9s d\u2019un contr\u00f4le du mouvement Inclinaison facile sans frottement qui facilite leur ajustement et maintient votre \u00e9cran avec un angle de vue parfait \u00e0 tout moment. En mesure d\u2019effectuer une rotation de l\u2019\u00e9cran \u00e0 360\u00ba pour une vue en paysage ou portrait, et est facilement extensible vers l\u2019avant \u00e0 525mm de sa position fixe tout en maintenant confortablement les \u00e9crans pesant jusqu\u2019\u00e0 6,5kg<\/span><\/li>\n<li><span class=\"a-list-item\">ESPACE DE BUREAU &amp; VIE PROFESSIONNELLE OPTIMIS\u00c9S &#8211; Le MX150 vous permet de transformer enti\u00e8rement votre espace de travail en lib\u00e9rant de l\u2019espace. L\u2019ajustement de l\u2019inclinaison \u00e0 +35\u00ba\/- 50\u00ba signifie que vous pouvez incliner l\u2019\u00e9cran vers l\u2019avant ou vers l\u2019arri\u00e8re (parfait pour lire ou une visualisation debout) et reste enti\u00e8rement stable, peu importe l\u2019angle. Il est parfait pour bouger l\u2019\u00e9cran dans tous les sens afin que vous puissiez rapidement passer du travail au jeu, de films \u00e0 la TV<\/span><\/li>\n<li><span class=\"a-list-item\">STRUCTURE SOLIDE ET DURABLE \u2013 Chez Invision, nous sommes fiers de nos designs et innovations. Le MX150 est con\u00e7u pour r\u00e9sister et \u00eatre stable, avec un cadre moderne en aluminium moul\u00e9 renforc\u00e9 et des raccords de pivot \u00e0 compression en acier qui garantissent un positionnement fiable sans rel\u00e2chement. Toutes les parties amovibles sont soumises au test du cycle de 20000 vies r\u00e9elles d\u2019Invision garantissant des ann\u00e9es sans tracas et tous les bras pour \u00e9cran de PC disposent d\u2019une garantie de 3 ans<\/span><\/li>\n<li><span class=\"a-list-item\">INSTALLATION SIMPLE ET SERVICE CLIENT INTERNATIONAL &#8211; Le MX150 destin\u00e9 aux \u00e9crans de 43\u201368.5cm (17-27\u201d) est polyvalent et facile \u00e0 installer, deux m\u00e9thodes alternatives garantissant que le bras est bien fix\u00e9 \u00e0 votre bureau. L\u2019association de deux bras est \u00e9galement possible pour configurer 2 \u00e9crans. Notre Promesse de Compatibilit\u00e9 garantit la compatibilit\u00e9 de votre \u00e9cran ainsi qu\u2019une installation sans tracas. Notre \u00e9quipe aimable du service client est toujours \u00e0 votre disposition pour vous aider<\/span><\/li>\n<\/ul>\n","protected":false},"excerpt":{"rendered":"<table class=\"a-normal a-spacing-micro\">\n<tbody>\n<tr class=\"a-spacing-small po-mounting_type\">\n<td class=\"a-span3\"><span class=\"a-size-base a-text-bold\">Type de fixation<\/span><\/td>\n<td class=\"a-span9\"><span class=\"a-size-base\">Montable sur Bureau, VESA 75x75mm et 100x100mm<\/span><\/td>\n<\/tr>\n<tr class=\"a-spacing-small po-movement_type\">\n<td class=\"a-span3\"><span class=\"a-size-base a-text-bold\">Type de mouvement<\/span><\/td>\n<td class=\"a-span9\"><span class=\"a-size-base\">Incline, Pivote, Tourne et \u00c9tendre<\/span><\/td>\n<\/tr>\n<tr class=\"a-spacing-small po-brand\">\n<td class=\"a-span3\"><span class=\"a-size-base a-text-bold\">Marque<\/span><\/td>\n<td class=\"a-span9\"><span class=\"a-size-base\">Invision<\/span><\/td>\n<\/tr>\n<tr class=\"a-spacing-small po-material\">\n<td class=\"a-span3\"><span class=\"a-size-base a-text-bold\">Mat\u00e9riau<\/span><\/td>\n<td class=\"a-span9\"><span class=\"a-size-base\">Aluminium, Acier alli\u00e9<\/span><\/td>\n<\/tr>\n<tr class=\"a-spacing-small po-maximum_compatible_size\">\n<td class=\"a-span3\"><span class=\"a-size-base a-text-bold\">Taille du t\u00e9l\u00e9viseur<\/span><\/td>\n<td class=\"a-span9\"><span class=\"a-size-base\">27 Pouces<\/span><\/td>\n<\/tr>\n<tr class=\"a-spacing-small po-color\">\n<td class=\"a-span3\"><span class=\"a-size-base a-text-bold\">Couleur<\/span><\/td>\n<td class=\"a-span9\"><span class=\"a-size-base\">Noir<\/span><\/td>\n<\/tr>\n<tr class=\"a-spacing-small po-minimum_compatible_size\">\n<td class=\"a-span3\"><span class=\"a-size-base a-text-bold\">Taille minimale compatible<\/span><\/td>\n<td class=\"a-span9\"><span class=\"a-size-base\">17 Pouces<\/span><\/td>\n<\/tr>\n<tr class=\"a-spacing-small po-compatible_devices\">\n<td class=\"a-span3\"><span class=\"a-size-base a-text-bold\">Appareils compatibles<\/span><\/td>\n<td class=\"a-span9\"><span class=\"a-size-base\">Moniteurs PC<\/span><\/td>\n<\/tr>\n<tr class=\"a-spacing-small po-maximum_tilt_angle\">\n<td class=\"a-span3\"><span class=\"a-size-base a-text-bold\">Angle d&rsquo;inclinaison maximal<\/span><\/td>\n<td class=\"a-span9\"><span class=\"a-size-base\">50 degr\u00e9s<\/span><\/td>\n<\/tr>\n<\/tbody>\n<\/table>\n","protected":false},"featured_media":146,"comment_status":"open","ping_status":"closed","template":"","meta":[],"product_cat":[27,31],"product_tag":[],"_links":{"self":[{"href":"https:\/\/jean-christophe-dumenil.students-laplateforme.io\/mycms\/index.php?rest_route=\/wp\/v2\/product\/145"}],"collection":[{"href":"https:\/\/jean-christophe-dumenil.students-laplateforme.io\/mycms\/index.php?rest_route=\/wp\/v2\/product"}],"about":[{"href":"https:\/\/jean-christophe-dumenil.students-laplateforme.io\/mycms\/index.php?rest_route=\/wp\/v2\/types\/product"}],"replies":[{"embeddable":true,"href":"https:\/\/jean-christophe-dumenil.students-laplateforme.io\/mycms\/index.php?rest_route=%2Fwp%2Fv2%2Fcomments&post=145"}],"wp:featuredmedia":[{"embeddable":true,"href":"https:\/\/jean-christophe-dumenil.students-laplateforme.io\/mycms\/index.php?rest_route=\/wp\/v2\/media\/146"}],"wp:attachment":[{"href":"https:\/\/jean-christophe-dumenil.students-laplateforme.io\/mycms\/index.php?rest_route=%2Fwp%2Fv2%2Fmedia&parent=145"}],"wp:term":[{"taxonomy":"product_cat","embeddable":true,"href":"https:\/\/jean-christophe-dumenil.students-laplateforme.io\/mycms\/index.php?rest_route=%2Fwp%2Fv2%2Fproduct_cat&post=145"},{"taxonomy":"product_tag","embeddable":true,"href":"https:\/\/jean-christophe-dumenil.students-laplateforme.io\/mycms\/index.php?rest_route=%2Fwp%2Fv2%2Fproduct_tag&post=145"}],"curies":[{"name":"wp","href":"https:\/\/api.w.org\/{rel}","templated":true}]}}