{"id":140,"date":"2022-12-22T12:55:07","date_gmt":"2022-12-22T12:55:07","guid":{"rendered":"https:\/\/jean-christophe-dumenil.students-laplateforme.io\/mycms\/?post_type=product&#038;p=140"},"modified":"2022-12-22T12:55:07","modified_gmt":"2022-12-22T12:55:07","slug":"ergosolid-support-de-bureau-avec-ressort-a-gaz","status":"publish","type":"product","link":"https:\/\/jean-christophe-dumenil.students-laplateforme.io\/mycms\/?product=ergosolid-support-de-bureau-avec-ressort-a-gaz","title":{"rendered":"Ergosolid Support de Bureau avec Ressort \u00e0 gaz"},"content":{"rendered":"<h1 class=\"a-size-base-plus a-text-bold\">\u00c0 propos de cet article<\/h1>\n<ul class=\"a-unordered-list a-vertical a-spacing-mini\">\n<li><span class=\"a-list-item\">Support de bureau professionnel pour deux \u00e9crans PC 22-35 pouces avec une capacit\u00e9 de charge de 12 kg, il est compatible avec l&rsquo;entraxe des points VESA de 75 x 75 mm et jusqu&rsquo;\u00e0 100&#215;100 mm.<\/span><\/li>\n<li><span class=\"a-list-item\">Le bras du moniteur permet de r\u00e9gler librement le moniteur et de le d\u00e9placer en douceur dans toutes les directions. Fonction pivot 360, inclinaison, rotation. Inclinaison verticale : + 85 \/ \u2013 30 degr\u00e9s.<\/span><\/li>\n<li><span class=\"a-list-item\">Fabriqu\u00e9 en acier haute r\u00e9sistance et en aluminium, ce support de bureaugarantit une qualit\u00e9 durable. Cache-c\u00e2bles int\u00e9gr\u00e9 dans les bras. Qualit\u00e9 sup\u00e9rieure, garantie : 2 ans<\/span><\/li>\n<li><span class=\"a-list-item\">Support pour moniteur unique avec 2 choix de montage distincts : installation par pince-\u00e9tau (25 \u2013 80 mm d\u2019\u00e9paisseur) ou par orifice dans le bureau.<\/span><\/li>\n<\/ul>\n","protected":false},"excerpt":{"rendered":"<table class=\"a-normal a-spacing-micro\">\n<tbody>\n<tr class=\"a-spacing-small po-mounting_type\">\n<td class=\"a-span3\"><span class=\"a-size-base a-text-bold\">Type de fixation<\/span><\/td>\n<td class=\"a-span9\"><span class=\"a-size-base\">Montage sur table<\/span><\/td>\n<\/tr>\n<tr class=\"a-spacing-small po-movement_type\">\n<td class=\"a-span3\"><span class=\"a-size-base a-text-bold\">Type de mouvement<\/span><\/td>\n<td class=\"a-span9\"><span class=\"a-size-base\">Pivotant<\/span><\/td>\n<\/tr>\n<tr class=\"a-spacing-small po-brand\">\n<td class=\"a-span3\"><span class=\"a-size-base a-text-bold\">Marque<\/span><\/td>\n<td class=\"a-span9\"><span class=\"a-size-base\">Ergosolid<\/span><\/td>\n<\/tr>\n<tr class=\"a-spacing-small po-material\">\n<td class=\"a-span3\"><span class=\"a-size-base a-text-bold\">Mat\u00e9riau<\/span><\/td>\n<td class=\"a-span9\"><span class=\"a-size-base\">Aluminium<\/span><\/td>\n<\/tr>\n<tr class=\"a-spacing-small po-maximum_compatible_size\">\n<td class=\"a-span3\"><span class=\"a-size-base a-text-bold\">Taille du t\u00e9l\u00e9viseur<\/span><\/td>\n<td class=\"a-span9\"><span class=\"a-size-base\">35 Pouces<\/span><\/td>\n<\/tr>\n<tr class=\"a-spacing-small po-color\">\n<td class=\"a-span3\"><span class=\"a-size-base a-text-bold\">Couleur<\/span><\/td>\n<td class=\"a-span9\"><span class=\"a-size-base\">Noir<\/span><\/td>\n<\/tr>\n<tr class=\"a-spacing-small po-minimum_compatible_size\">\n<td class=\"a-span3\"><span class=\"a-size-base a-text-bold\">Taille minimale compatible<\/span><\/td>\n<td class=\"a-span9\"><span class=\"a-size-base\">22 Pouces<\/span><\/td>\n<\/tr>\n<tr class=\"a-spacing-small po-compatible_devices\">\n<td class=\"a-span3\"><span class=\"a-size-base a-text-bold\">Appareils compatibles<\/span><\/td>\n<td class=\"a-span9\"><span class=\"a-size-base\">Moniteur<\/span><\/td>\n<\/tr>\n<tr class=\"a-spacing-small po-maximum_tilt_angle\">\n<td class=\"a-span3\"><span class=\"a-size-base a-text-bold\">Angle d&rsquo;inclinaison maximal<\/span><\/td>\n<td class=\"a-span9\"><span class=\"a-size-base\">30 degr\u00e9s<\/span><\/td>\n<\/tr>\n<\/tbody>\n<\/table>\n","protected":false},"featured_media":141,"comment_status":"open","ping_status":"closed","template":"","meta":[],"product_cat":[32,27],"product_tag":[],"_links":{"self":[{"href":"https:\/\/jean-christophe-dumenil.students-laplateforme.io\/mycms\/index.php?rest_route=\/wp\/v2\/product\/140"}],"collection":[{"href":"https:\/\/jean-christophe-dumenil.students-laplateforme.io\/mycms\/index.php?rest_route=\/wp\/v2\/product"}],"about":[{"href":"https:\/\/jean-christophe-dumenil.students-laplateforme.io\/mycms\/index.php?rest_route=\/wp\/v2\/types\/product"}],"replies":[{"embeddable":true,"href":"https:\/\/jean-christophe-dumenil.students-laplateforme.io\/mycms\/index.php?rest_route=%2Fwp%2Fv2%2Fcomments&post=140"}],"wp:featuredmedia":[{"embeddable":true,"href":"https:\/\/jean-christophe-dumenil.students-laplateforme.io\/mycms\/index.php?rest_route=\/wp\/v2\/media\/141"}],"wp:attachment":[{"href":"https:\/\/jean-christophe-dumenil.students-laplateforme.io\/mycms\/index.php?rest_route=%2Fwp%2Fv2%2Fmedia&parent=140"}],"wp:term":[{"taxonomy":"product_cat","embeddable":true,"href":"https:\/\/jean-christophe-dumenil.students-laplateforme.io\/mycms\/index.php?rest_route=%2Fwp%2Fv2%2Fproduct_cat&post=140"},{"taxonomy":"product_tag","embeddable":true,"href":"https:\/\/jean-christophe-dumenil.students-laplateforme.io\/mycms\/index.php?rest_route=%2Fwp%2Fv2%2Fproduct_tag&post=140"}],"curies":[{"name":"wp","href":"https:\/\/api.w.org\/{rel}","templated":true}]}}