{"id":130,"date":"2022-12-22T12:43:48","date_gmt":"2022-12-22T12:43:48","guid":{"rendered":"https:\/\/jean-christophe-dumenil.students-laplateforme.io\/mycms\/?post_type=product&#038;p=130"},"modified":"2022-12-22T12:43:48","modified_gmt":"2022-12-22T12:43:48","slug":"titanwolf-rgb-tapis-de-souris-gaming-xxl","status":"publish","type":"product","link":"https:\/\/jean-christophe-dumenil.students-laplateforme.io\/mycms\/?product=titanwolf-rgb-tapis-de-souris-gaming-xxl","title":{"rendered":"TITANWOLF &#8211; RGB Tapis de Souris Gaming XXL"},"content":{"rendered":"<h1 class=\"a-size-base-plus a-text-bold\">\u00c0 propos de cet article<\/h1>\n<ul class=\"a-unordered-list a-vertical a-spacing-mini\">\n<li><span class=\"a-list-item\">Profitez de couleurs et d&rsquo;effets \u00e9poustouflants sur votre bureau ! Le tapis de souris 800 x 300 mm illumine sept couleurs RGB vibrantes. Connectez simplement le tapis de souris \u00e0 votre ordinateur avec le c\u00e2ble USB fourni et profitez de 7 couleurs et 4 modes d\u2019effets ! Num\u00e9ro du produit : 303928.<\/span><\/li>\n<li><span class=\"a-list-item\">Bouton mode de luminosit\u00e9 : vous pouvez s\u00e9lectionner les sept couleurs uniques disponible : Rouge, jaune, vert, turquoise, bleu, violet et blanc. En maintenant l\u2019appui sur le bouton, vous acc\u00e9derez aussi aux 4 modes d&rsquo;effets : 1-\u00ab\u00a0couleurs respirantes\u00a0\u00bb les couleurs s&rsquo;allument l&rsquo;une apr\u00e8s l&rsquo;autre), 2-\u00ab\u00a0transition al\u00e9atoire des couleurs\u00a0\u00bb lente, 3-\u00ab\u00a0transition al\u00e9atoire des couleurs\u201d rapide et 4-\u00ab\u00a0clignotant\u00a0\u00bb ordre al\u00e9atoire.<\/span><\/li>\n<li><span class=\"a-list-item\">La surface lisse du tissu microstructur\u00e9 offre la r\u00e9sistance de glissement exacte et n\u00e9cessaire pour guider la souris avec pr\u00e9cision. La bande lumineuse est soigneusement cousue et vous procurera de nombreuses ann\u00e9es de plaisir.<\/span><\/li>\n<li><span class=\"a-list-item\">Le rev\u00eatement en caoutchouc gomm\u00e9 antid\u00e9rapant de la base, maintient le tapis en place m\u00eame sur le verre et pendant les mouvements de jeu agit\u00e9s.<\/span><\/li>\n<li><span class=\"a-list-item\">Combinez le tapis de souris avec les claviers lumineux, souris gamer de Titanwolf et d\u00e9couvrez l&rsquo;interaction de toutes les couleurs ! Contenue de la livraison : tapis de souris RGB Epsilon Lightning Titanwolf 800x300x4 mm. (Une garantie de 24 mois et un service apr\u00e8s-vente \u00e0 votre \u00e9coute).<\/span><\/li>\n<\/ul>\n","protected":false},"excerpt":{"rendered":"<table class=\"a-normal a-spacing-micro\">\n<tbody>\n<tr class=\"a-spacing-small po-brand\">\n<td class=\"a-span3\"><span class=\"a-size-base a-text-bold\">Marque<\/span><\/td>\n<td class=\"a-span9\"><span class=\"a-size-base\">TITANWOLF<\/span><\/td>\n<\/tr>\n<tr class=\"a-spacing-small po-color\">\n<td class=\"a-span3\"><span class=\"a-size-base a-text-bold\">Couleur<\/span><\/td>\n<td class=\"a-span9\"><span class=\"a-size-base\">B: Wolf<\/span><\/td>\n<\/tr>\n<tr class=\"a-spacing-small po-material\">\n<td class=\"a-span3\"><span class=\"a-size-base a-text-bold\">Mat\u00e9riau<\/span><\/td>\n<td class=\"a-span9\"><span class=\"a-size-base\">Microfibre<\/span><\/td>\n<\/tr>\n<tr class=\"a-spacing-small po-item_shape\">\n<td class=\"a-span3\"><span class=\"a-size-base a-text-bold\">Forme<\/span><\/td>\n<td class=\"a-span9\"><span class=\"a-size-base\">Rectangulaire<\/span><\/td>\n<\/tr>\n<tr class=\"a-spacing-small po-size\">\n<td class=\"a-span3\"><span class=\"a-size-base a-text-bold\">Taille<\/span><\/td>\n<td class=\"a-span9\"><span class=\"a-size-base\">L<\/span><\/td>\n<\/tr>\n<tr class=\"a-spacing-small po-item_thickness\">\n<td class=\"a-span3\"><span class=\"a-size-base a-text-bold\">\u00c9paisseur de l&rsquo;article<\/span><\/td>\n<td class=\"a-span9\"><span class=\"a-size-base\">4 Millim\u00e8tres<\/span><\/td>\n<\/tr>\n<\/tbody>\n<\/table>\n","protected":false},"featured_media":131,"comment_status":"open","ping_status":"closed","template":"","meta":[],"product_cat":[27,31],"product_tag":[],"_links":{"self":[{"href":"https:\/\/jean-christophe-dumenil.students-laplateforme.io\/mycms\/index.php?rest_route=\/wp\/v2\/product\/130"}],"collection":[{"href":"https:\/\/jean-christophe-dumenil.students-laplateforme.io\/mycms\/index.php?rest_route=\/wp\/v2\/product"}],"about":[{"href":"https:\/\/jean-christophe-dumenil.students-laplateforme.io\/mycms\/index.php?rest_route=\/wp\/v2\/types\/product"}],"replies":[{"embeddable":true,"href":"https:\/\/jean-christophe-dumenil.students-laplateforme.io\/mycms\/index.php?rest_route=%2Fwp%2Fv2%2Fcomments&post=130"}],"wp:featuredmedia":[{"embeddable":true,"href":"https:\/\/jean-christophe-dumenil.students-laplateforme.io\/mycms\/index.php?rest_route=\/wp\/v2\/media\/131"}],"wp:attachment":[{"href":"https:\/\/jean-christophe-dumenil.students-laplateforme.io\/mycms\/index.php?rest_route=%2Fwp%2Fv2%2Fmedia&parent=130"}],"wp:term":[{"taxonomy":"product_cat","embeddable":true,"href":"https:\/\/jean-christophe-dumenil.students-laplateforme.io\/mycms\/index.php?rest_route=%2Fwp%2Fv2%2Fproduct_cat&post=130"},{"taxonomy":"product_tag","embeddable":true,"href":"https:\/\/jean-christophe-dumenil.students-laplateforme.io\/mycms\/index.php?rest_route=%2Fwp%2Fv2%2Fproduct_tag&post=130"}],"curies":[{"name":"wp","href":"https:\/\/api.w.org\/{rel}","templated":true}]}}