{"id":125,"date":"2022-12-22T12:42:17","date_gmt":"2022-12-22T12:42:17","guid":{"rendered":"https:\/\/jean-christophe-dumenil.students-laplateforme.io\/mycms\/?post_type=product&#038;p=125"},"modified":"2022-12-22T12:42:17","modified_gmt":"2022-12-22T12:42:17","slug":"corsair-scimitar-elite-rgb-optique","status":"publish","type":"product","link":"https:\/\/jean-christophe-dumenil.students-laplateforme.io\/mycms\/?product=corsair-scimitar-elite-rgb-optique","title":{"rendered":"Corsair Scimitar ELITE RGB Optique"},"content":{"rendered":"<h1 class=\"a-size-base-plus a-text-bold\">\u00c0 propos de cet article<\/h1>\n<ul class=\"a-unordered-list a-vertical a-spacing-mini\">\n<li><span class=\"a-list-item\">17 boutons enti\u00e8rement programmables : Con\u00e7us de mani\u00e8re id\u00e9ale pour effectuer des actions fr\u00e9quentes et ex\u00e9cuter des macros complexes dans les MMO et MOBA<\/span><\/li>\n<li><span class=\"a-list-item\">Syst\u00e8me brevet\u00e9 de contr\u00f4le par glissement des touches : Repositionnez les 12 boutons lat\u00e9raux pour les adapter confortablement \u00e0 votre prise en main<\/span><\/li>\n<li><span class=\"a-list-item\">Capteur optique natif de 18 000 DPI : \u00c9quip\u00e9 d&rsquo;un capteur PixArt PMW3391 personnalis\u00e9, r\u00e9glable par pas de 1 DPI, pour un suivi tr\u00e8s pr\u00e9cis et personnalisable. Durabilit\u00e9 des boutons de la souris : 50 millions de clics gauche\/droite<\/span><\/li>\n<li><span class=\"a-list-item\">Construction ultra-durable : Les commutateurs Omron de la SCIMITAR RGB ELITE, la molette de d\u00e9filement robuste et le c\u00e2ble tress\u00e9 permettent de r\u00e9sister \u00e0 l&rsquo;usure des jeux prolong\u00e9s<\/span><\/li>\n<li><span class=\"a-list-item\">Forme confortable et profil\u00e9e : Sculpt\u00e9e pour \u00e9pouser les contours de votre paume, quelle que soit la taille de votre main ou votre style de prise en main, avec un repose-doigts sur le c\u00f4t\u00e9 droit pour un meilleur soutien<\/span><\/li>\n<li><span class=\"a-list-item\">Poids : 122g (sans c\u00e2ble ni accessoires)<\/span><\/li>\n<li><span class=\"a-list-item\">Remarque : Le syst\u00e8me de commande brevet\u00e9 Key Slider vous permet de repositionner les 12 boutons lat\u00e9raux pour qu&rsquo;ils s&rsquo;adaptent confortablement \u00e0 votre main. Pour r\u00e9gler le curseur du clavier, veuillez suivre les \u00e9tapes ci-dessous : &gt; Ins\u00e9rez la cl\u00e9 Allen fournie dans le verrou du curseur du clavier situ\u00e9 en bas de la souris et tournez-la dans le sens inverse des aiguilles d&rsquo;une montre pour d\u00e9verrouiller le clavier. &gt; D\u00e9placez le clavier dans la position souhait\u00e9e et tournez la cl\u00e9 Allen dans le sens des aiguilles d&rsquo;une montre pour verrouiller le clavier<\/span><\/li>\n<\/ul>\n","protected":false},"excerpt":{"rendered":"<table class=\"a-normal a-spacing-micro\">\n<tbody>\n<tr class=\"a-spacing-small po-brand\">\n<td class=\"a-span3\"><span class=\"a-size-base a-text-bold\">Marque<\/span><\/td>\n<td class=\"a-span9\"><span class=\"a-size-base\">Corsair<\/span><\/td>\n<\/tr>\n<tr class=\"a-spacing-small po-color\">\n<td class=\"a-span3\"><span class=\"a-size-base a-text-bold\">Couleur<\/span><\/td>\n<td class=\"a-span9\"><span class=\"a-size-base\">Noir<\/span><\/td>\n<\/tr>\n<tr class=\"a-spacing-small po-connectivity_technology\">\n<td class=\"a-span3\"><span class=\"a-size-base a-text-bold\">Type de connecteur<\/span><\/td>\n<td class=\"a-span9\"><span class=\"a-size-base\">USB<\/span><\/td>\n<\/tr>\n<tr class=\"a-spacing-small po-special_feature\">\n<td class=\"a-span3\"><span class=\"a-size-base a-text-bold\">Caract\u00e9ristique sp\u00e9ciale<\/span><\/td>\n<td class=\"a-span9\"><span class=\"a-size-base\">4 Way Scrolling, Conception ergonomique<\/span><\/td>\n<\/tr>\n<tr class=\"a-spacing-small po-movement_detection_technology\">\n<td class=\"a-span3\"><span class=\"a-size-base a-text-bold\">Technologie de d\u00e9tection des mouvements<\/span><\/td>\n<td class=\"a-span9\"><span class=\"a-size-base\">Optique<\/span><\/td>\n<\/tr>\n<tr class=\"a-spacing-small po-button_quantity\">\n<td class=\"a-span3\"><span class=\"a-size-base a-text-bold\">Nombre de boutons<\/span><\/td>\n<td class=\"a-span9\"><span class=\"a-size-base\">17<\/span><\/td>\n<\/tr>\n<tr class=\"a-spacing-small po-hand_orientation\">\n<td class=\"a-span3\"><span class=\"a-size-base a-text-bold\">Orientation des mains<\/span><\/td>\n<td class=\"a-span9\"><span class=\"a-size-base\">Droite<\/span><\/td>\n<\/tr>\n<tr class=\"a-spacing-small po-model_name\">\n<td class=\"a-span3\"><span class=\"a-size-base a-text-bold\">s\u00e9ries<\/span><\/td>\n<td class=\"a-span9\"><span class=\"a-size-base\">Scimitar RGB Elite<\/span><\/td>\n<\/tr>\n<tr class=\"a-spacing-small po-recommended_uses_for_product\">\n<td class=\"a-span3\"><span class=\"a-size-base a-text-bold\">Usages recommand\u00e9s pour le produit<\/span><\/td>\n<td class=\"a-span9\"><span class=\"a-size-base\">Jeu<\/span><\/td>\n<\/tr>\n<tr class=\"a-spacing-small po-compatible_devices\">\n<td class=\"a-span3\"><span class=\"a-size-base a-text-bold\">Compatibilit\u00e9 du p\u00e9riph\u00e9rique<\/span><\/td>\n<td class=\"a-span9\"><span class=\"a-size-base\">Cellphone<\/span><\/td>\n<\/tr>\n<\/tbody>\n<\/table>\n","protected":false},"featured_media":126,"comment_status":"open","ping_status":"closed","template":"","meta":[],"product_cat":[27,30],"product_tag":[],"_links":{"self":[{"href":"https:\/\/jean-christophe-dumenil.students-laplateforme.io\/mycms\/index.php?rest_route=\/wp\/v2\/product\/125"}],"collection":[{"href":"https:\/\/jean-christophe-dumenil.students-laplateforme.io\/mycms\/index.php?rest_route=\/wp\/v2\/product"}],"about":[{"href":"https:\/\/jean-christophe-dumenil.students-laplateforme.io\/mycms\/index.php?rest_route=\/wp\/v2\/types\/product"}],"replies":[{"embeddable":true,"href":"https:\/\/jean-christophe-dumenil.students-laplateforme.io\/mycms\/index.php?rest_route=%2Fwp%2Fv2%2Fcomments&post=125"}],"wp:featuredmedia":[{"embeddable":true,"href":"https:\/\/jean-christophe-dumenil.students-laplateforme.io\/mycms\/index.php?rest_route=\/wp\/v2\/media\/126"}],"wp:attachment":[{"href":"https:\/\/jean-christophe-dumenil.students-laplateforme.io\/mycms\/index.php?rest_route=%2Fwp%2Fv2%2Fmedia&parent=125"}],"wp:term":[{"taxonomy":"product_cat","embeddable":true,"href":"https:\/\/jean-christophe-dumenil.students-laplateforme.io\/mycms\/index.php?rest_route=%2Fwp%2Fv2%2Fproduct_cat&post=125"},{"taxonomy":"product_tag","embeddable":true,"href":"https:\/\/jean-christophe-dumenil.students-laplateforme.io\/mycms\/index.php?rest_route=%2Fwp%2Fv2%2Fproduct_tag&post=125"}],"curies":[{"name":"wp","href":"https:\/\/api.w.org\/{rel}","templated":true}]}}