{"id":120,"date":"2022-12-22T12:41:03","date_gmt":"2022-12-22T12:41:03","guid":{"rendered":"https:\/\/jean-christophe-dumenil.students-laplateforme.io\/mycms\/?post_type=product&#038;p=120"},"modified":"2022-12-22T12:41:03","modified_gmt":"2022-12-22T12:41:03","slug":"trust-gaming-gxt-138-x-ray","status":"publish","type":"product","link":"https:\/\/jean-christophe-dumenil.students-laplateforme.io\/mycms\/?product=trust-gaming-gxt-138-x-ray","title":{"rendered":"Trust Gaming GXT 138 X-Ray"},"content":{"rendered":"<h1 class=\"a-size-base-plus a-text-bold\">\u00c0 propos de cet article<\/h1>\n<ul class=\"a-unordered-list a-vertical a-spacing-mini\">\n<li><span class=\"a-list-item\">Capteur optique 4000 ppp de haute pr\u00e9cision<\/span><\/li>\n<li><span class=\"a-list-item\">10 boutons programmables<\/span><\/li>\n<li><span class=\"a-list-item\">\u00c9clairage RVB personnalisable<\/span><\/li>\n<li><span class=\"a-list-item\">Logiciel perfectionn\u00e9 pour la programmation des boutons et des macros<\/span><\/li>\n<li><span class=\"a-list-item\">Patins de glissement lisses \u00e0 faible frottement<\/span><\/li>\n<\/ul>\n","protected":false},"excerpt":{"rendered":"<table class=\"a-normal a-spacing-micro\">\n<tbody>\n<tr class=\"a-spacing-small po-brand\">\n<td class=\"a-span3\"><span class=\"a-size-base a-text-bold\">Marque<\/span><\/td>\n<td class=\"a-span9\"><span class=\"a-size-base\">Trust Gaming<\/span><\/td>\n<\/tr>\n<tr class=\"a-spacing-small po-color\">\n<td class=\"a-span3\"><span class=\"a-size-base a-text-bold\">Couleur<\/span><\/td>\n<td class=\"a-span9\"><span class=\"a-size-base\">Black<\/span><\/td>\n<\/tr>\n<tr class=\"a-spacing-small po-connectivity_technology\">\n<td class=\"a-span3\"><span class=\"a-size-base a-text-bold\">Type de connecteur<\/span><\/td>\n<td class=\"a-span9\"><span class=\"a-size-base\">USB<\/span><\/td>\n<\/tr>\n<tr class=\"a-spacing-small po-special_feature\">\n<td class=\"a-span3\"><span class=\"a-size-base a-text-bold\">Caract\u00e9ristique sp\u00e9ciale<\/span><\/td>\n<td class=\"a-span9\"><span class=\"a-size-base\">\u00c9clairage RVB personnalisable, 10 boutons programmables<\/span><\/td>\n<\/tr>\n<tr class=\"a-spacing-small po-movement_detection_technology\">\n<td class=\"a-span3\"><span class=\"a-size-base a-text-bold\">Technologie de d\u00e9tection des mouvements<\/span><\/td>\n<td class=\"a-span9\"><span class=\"a-size-base\">Optique<\/span><\/td>\n<\/tr>\n<tr class=\"a-spacing-small po-button_quantity\">\n<td class=\"a-span3\"><span class=\"a-size-base a-text-bold\">Nombre de boutons<\/span><\/td>\n<td class=\"a-span9\"><span class=\"a-size-base\">10<\/span><\/td>\n<\/tr>\n<tr class=\"a-spacing-small po-hand_orientation\">\n<td class=\"a-span3\"><span class=\"a-size-base a-text-bold\">Orientation des mains<\/span><\/td>\n<td class=\"a-span9\"><span class=\"a-size-base\">Droite<\/span><\/td>\n<\/tr>\n<tr class=\"a-spacing-small po-model_name\">\n<td class=\"a-span3\"><span class=\"a-size-base a-text-bold\">s\u00e9ries<\/span><\/td>\n<td class=\"a-span9\"><span class=\"a-size-base\">GXT 138 X-Ray<\/span><\/td>\n<\/tr>\n<tr class=\"a-spacing-small po-recommended_uses_for_product\">\n<td class=\"a-span3\"><span class=\"a-size-base a-text-bold\">Usages recommand\u00e9s pour le produit<\/span><\/td>\n<td class=\"a-span9\"><span class=\"a-size-base\">Jeu<\/span><\/td>\n<\/tr>\n<tr class=\"a-spacing-small po-compatible_devices\">\n<td class=\"a-span3\"><span class=\"a-size-base a-text-bold\">Compatibilit\u00e9 du p\u00e9riph\u00e9rique<\/span><\/td>\n<td class=\"a-span9\"><span class=\"a-size-base\">PC, ordinateur portable<\/span><\/td>\n<\/tr>\n<\/tbody>\n<\/table>\n","protected":false},"featured_media":121,"comment_status":"open","ping_status":"closed","template":"","meta":[],"product_cat":[27,30],"product_tag":[],"_links":{"self":[{"href":"https:\/\/jean-christophe-dumenil.students-laplateforme.io\/mycms\/index.php?rest_route=\/wp\/v2\/product\/120"}],"collection":[{"href":"https:\/\/jean-christophe-dumenil.students-laplateforme.io\/mycms\/index.php?rest_route=\/wp\/v2\/product"}],"about":[{"href":"https:\/\/jean-christophe-dumenil.students-laplateforme.io\/mycms\/index.php?rest_route=\/wp\/v2\/types\/product"}],"replies":[{"embeddable":true,"href":"https:\/\/jean-christophe-dumenil.students-laplateforme.io\/mycms\/index.php?rest_route=%2Fwp%2Fv2%2Fcomments&post=120"}],"wp:featuredmedia":[{"embeddable":true,"href":"https:\/\/jean-christophe-dumenil.students-laplateforme.io\/mycms\/index.php?rest_route=\/wp\/v2\/media\/121"}],"wp:attachment":[{"href":"https:\/\/jean-christophe-dumenil.students-laplateforme.io\/mycms\/index.php?rest_route=%2Fwp%2Fv2%2Fmedia&parent=120"}],"wp:term":[{"taxonomy":"product_cat","embeddable":true,"href":"https:\/\/jean-christophe-dumenil.students-laplateforme.io\/mycms\/index.php?rest_route=%2Fwp%2Fv2%2Fproduct_cat&post=120"},{"taxonomy":"product_tag","embeddable":true,"href":"https:\/\/jean-christophe-dumenil.students-laplateforme.io\/mycms\/index.php?rest_route=%2Fwp%2Fv2%2Fproduct_tag&post=120"}],"curies":[{"name":"wp","href":"https:\/\/api.w.org\/{rel}","templated":true}]}}