{"id":110,"date":"2022-12-22T12:38:31","date_gmt":"2022-12-22T12:38:31","guid":{"rendered":"https:\/\/jean-christophe-dumenil.students-laplateforme.io\/mycms\/?post_type=product&#038;p=110"},"modified":"2022-12-22T12:38:31","modified_gmt":"2022-12-22T12:38:31","slug":"lg-ultragear-24gn600-b","status":"publish","type":"product","link":"https:\/\/jean-christophe-dumenil.students-laplateforme.io\/mycms\/?product=lg-ultragear-24gn600-b","title":{"rendered":"LG UltraGear 24GN600-B"},"content":{"rendered":"<h1 class=\"a-size-base-plus a-text-bold\">\u00c0 propos de cet article<\/h1>\n<ul class=\"a-unordered-list a-vertical a-spacing-mini\">\n<li><span class=\"a-list-item\">Cliquez-ici pour vous assurer de la compatibilit\u00e9 de ce produit avec votre mod\u00e8le<\/span><\/li>\n<li><span class=\"a-list-item\">La technologie IPS 1ms offre une vitesse ultra \u00e9lev\u00e9e avec une qualit\u00e9 graphique exceptionnelle pour une immersion totale.<\/span><\/li>\n<li><span class=\"a-list-item\">Avec un taux de rafra\u00eechissement de 144Hz, les joueurs peuvent voir les actions s&rsquo;encha\u00eener rapidement et de mani\u00e8re fluide.<\/span><\/li>\n<li><span class=\"a-list-item\">La prise en charge de l&rsquo;HDR 10 offre un contraste dynamique et des couleurs haute fid\u00e9lit\u00e9 pour une meilleure immersion<\/span><\/li>\n<li><span class=\"a-list-item\">La technologie AMD FreeSync Premium supprime les d\u00e9chirures d&rsquo;\u00e9cran et minimise les saccades pour une exp\u00e9rience de jeu plus fluide et plus rapide.<\/span><\/li>\n<\/ul>\n","protected":false},"excerpt":{"rendered":"<table class=\"a-normal a-spacing-micro\">\n<tbody>\n<tr class=\"a-spacing-small po-display.size\">\n<td class=\"a-span3\"><span class=\"a-size-base a-text-bold\">Taille de l&rsquo;\u00e9cran<\/span><\/td>\n<td class=\"a-span9\"><span class=\"a-size-base\">23.8 Pouces<\/span><\/td>\n<\/tr>\n<tr class=\"a-spacing-small po-display.resolution_maximum\">\n<td class=\"a-span3\"><span class=\"a-size-base a-text-bold\">R\u00e9solution d&rsquo;affichage maximale<\/span><\/td>\n<td class=\"a-span9\"><span class=\"a-size-base\">1920 x 1080<\/span><\/td>\n<\/tr>\n<tr class=\"a-spacing-small po-brand\">\n<td class=\"a-span3\"><span class=\"a-size-base a-text-bold\">Marque<\/span><\/td>\n<td class=\"a-span9\"><span class=\"a-size-base\">LG Electronics<\/span><\/td>\n<\/tr>\n<tr class=\"a-spacing-small po-special_feature\">\n<td class=\"a-span3\"><span class=\"a-size-base a-text-bold\">Caract\u00e9ristique sp\u00e9ciale<\/span><\/td>\n<td class=\"a-span9\"><span class=\"a-size-base\">R\u00e9glage de l\u2019inclinaison<\/span><\/td>\n<\/tr>\n<tr class=\"a-spacing-small po-refresh_rate\">\n<td class=\"a-span3\"><span class=\"a-size-base a-text-bold\">Fr\u00e9quence de rafra\u00eechissement<\/span><\/td>\n<td class=\"a-span9\"><span class=\"a-size-base\">120 Hz<\/span><\/td>\n<\/tr>\n<tr class=\"a-spacing-small po-connectivity_technology\">\n<td class=\"a-span3\"><span class=\"a-size-base a-text-bold\">Type de connecteur<\/span><\/td>\n<td class=\"a-span9\"><span class=\"a-size-base\">DisplayPort, HDMI<\/span><\/td>\n<\/tr>\n<tr class=\"a-spacing-small po-aspect_ratio\">\n<td class=\"a-span3\"><span class=\"a-size-base a-text-bold\">Format d&rsquo;image<\/span><\/td>\n<td class=\"a-span9\"><span class=\"a-size-base\">16:9<\/span><\/td>\n<\/tr>\n<tr class=\"a-spacing-small po-display.type\">\n<td class=\"a-span3\"><span class=\"a-size-base a-text-bold\">Type d&rsquo;affichage<\/span><\/td>\n<td class=\"a-span9\"><span class=\"a-size-base\">LED<\/span><\/td>\n<\/tr>\n<tr class=\"a-spacing-small po-specific_uses_for_product\">\n<td class=\"a-span3\"><span class=\"a-size-base a-text-bold\">Usages sp\u00e9cifiques pour le produit<\/span><\/td>\n<td class=\"a-span9\"><span class=\"a-size-base\">Jeu, Personnel<\/span><\/td>\n<\/tr>\n<tr class=\"a-spacing-small po-response_time\">\n<td class=\"a-span3\"><span class=\"a-size-base a-text-bold\">Temps de r\u00e9ponse<\/span><\/td>\n<td class=\"a-span9\"><span class=\"a-size-base\">1 Milliseconds<\/span><\/td>\n<\/tr>\n<\/tbody>\n<\/table>\n","protected":false},"featured_media":111,"comment_status":"open","ping_status":"closed","template":"","meta":[],"product_cat":[29,27],"product_tag":[],"_links":{"self":[{"href":"https:\/\/jean-christophe-dumenil.students-laplateforme.io\/mycms\/index.php?rest_route=\/wp\/v2\/product\/110"}],"collection":[{"href":"https:\/\/jean-christophe-dumenil.students-laplateforme.io\/mycms\/index.php?rest_route=\/wp\/v2\/product"}],"about":[{"href":"https:\/\/jean-christophe-dumenil.students-laplateforme.io\/mycms\/index.php?rest_route=\/wp\/v2\/types\/product"}],"replies":[{"embeddable":true,"href":"https:\/\/jean-christophe-dumenil.students-laplateforme.io\/mycms\/index.php?rest_route=%2Fwp%2Fv2%2Fcomments&post=110"}],"wp:featuredmedia":[{"embeddable":true,"href":"https:\/\/jean-christophe-dumenil.students-laplateforme.io\/mycms\/index.php?rest_route=\/wp\/v2\/media\/111"}],"wp:attachment":[{"href":"https:\/\/jean-christophe-dumenil.students-laplateforme.io\/mycms\/index.php?rest_route=%2Fwp%2Fv2%2Fmedia&parent=110"}],"wp:term":[{"taxonomy":"product_cat","embeddable":true,"href":"https:\/\/jean-christophe-dumenil.students-laplateforme.io\/mycms\/index.php?rest_route=%2Fwp%2Fv2%2Fproduct_cat&post=110"},{"taxonomy":"product_tag","embeddable":true,"href":"https:\/\/jean-christophe-dumenil.students-laplateforme.io\/mycms\/index.php?rest_route=%2Fwp%2Fv2%2Fproduct_tag&post=110"}],"curies":[{"name":"wp","href":"https:\/\/api.w.org\/{rel}","templated":true}]}}